{"id":101,"date":"2022-03-10T08:20:41","date_gmt":"2022-03-10T11:20:41","guid":{"rendered":"http:\/\/www5.centraldedominio.com.br\/new\/?page_id=101"},"modified":"2026-04-30T11:31:12","modified_gmt":"2026-04-30T14:31:12","slug":"gerador-de-websites-com-ia","status":"publish","type":"page","link":"https:\/\/www5.centraldedominio.com.br\/new\/gerador-de-websites-com-ia\/","title":{"rendered":"Hospedagem de Site com IA"},"content":{"rendered":"\n<p><strong>Hospede seu site com pioneiros na telecomunica\u00e7\u00e3o de dados!<\/strong><br><br><strong>Gerador de Websites com IA<\/strong> (Direto no Painel)<br>Descreva seus objetivos e deixe que a IA desenvolva o design, o layout e o conte\u00fado inicial do seu site, acelerando o lan\u00e7amento do seu projeto online.<\/p>\n\n\n\n<p>Planos de hospedagem com os mais avan\u00e7ados softwares nas plataformas Linux (PHP, Java, MySQL\/Postgre\/Firebird) e Windows (ASP, ASP.Net, SQL Server). Servidores web no Brasil e infraestrutura de e-mail em cluster redundante.<\/p>\n\n\n\n<p><b>C<\/b>omercializar tamb\u00e9m contas Microsoft 365 (antigo Office 365) em uma configura\u00e7\u00e3o h\u00edbrida, podendo ser criadas juntamente com contas b\u00e1sicas e sync. Favor&nbsp;<a href=\"http:\/\/www5.centraldedominio.com.br\/new\/contato\/\">nos contatar<\/a>&nbsp;para maiores detalhes.<\/p>\n\n\n\n<p><strong>Recursos poderosos e painel de controle intuitivo e amig\u00e1vel<\/strong><\/p>\n\n\n\n<p>Voc\u00ea conta com uma hospedagem que suporta diversas tecnologias, bancos de dados e painel de controle com os principais aplicativos auto instal\u00e1veis, incluindo Joomla, WordPress, Drupal, Prestashop, Magento, SugarCRM, MediaWiki e muitos outros.<\/p>\n\n\n\n<p><strong>Caracter\u00edsticas Padr\u00e3o<\/strong><\/p>\n\n\n\n<p>Painel de Controle &#8211; FTP &#8211; Subdom\u00ednios &#8211; Mapeamento de site e E-mail &#8211; Conex\u00e3o ODBC &#8211; Banco de Dados &#8211; Prote\u00e7\u00e3o (Firewall) &#8211; Gerenciamento de E-mail &#8211; Anti Spam  &#8211;  Anti V\u00edrus (servidor) &#8211; Webmail &#8211; Imap &#8211; Controle de Acesso.<\/p>\n\n\n\n<p>Suporte aos principais CMS, otimizado para WordPress e Joomla.<\/p>\n\n\n\n<h3 class=\"wp-block-heading\">Joomla<\/h3>\n\n\n\n<p>&nbsp;Painel de controle Cpanel<\/p>\n\n\n\n<p>&nbsp;At\u00e9 512 MB de mem\u00f3ria RAM por site<\/p>\n\n\n\n<p>&nbsp;Diversos tipos de backups<\/p>\n\n\n\n<p>&nbsp;Admin tools Web Application Firewall (do Akeeba)<\/p>\n\n\n\n<p>&nbsp;Mysites.guru (myJoomla &#8211; varreduras de seguran\u00e7a)<\/p>\n\n\n\n<p>&nbsp;MalDet &#8211; Detec\u00e7\u00e3o de malware no Linux, roda a cada 4h<\/p>\n\n\n\n<p>&nbsp;Joomla Toolkit do Plesk (atualiza\u00e7\u00f5es, notifica\u00e7\u00f5es internas)<\/p>\n\n\n\n<p>&nbsp;ModSecurity com regras customiz\u00e1veis Comodo Rules<\/p>\n\n\n\n<p>&nbsp;Firewall a n\u00edvel de servidor<\/p>\n\n\n\n<p>&nbsp;SSL Let&#8217; s Encrypt gr\u00e1tis<\/p>\n\n\n\n<h3 class=\"wp-block-heading\">WordPress<\/h3>\n\n\n\n<p>&nbsp;Painel de controle Cpanel<\/p>\n\n\n\n<p>&nbsp;At\u00e9 512 MB de mem\u00f3ria RAM por site<\/p>\n\n\n\n<p>&nbsp;Diversos tipos de backups<\/p>\n\n\n\n<p>&nbsp;Admin tools Web Application Firewall (do Akeeba)<\/p>\n\n\n\n<p>&nbsp;Mysites.guru (myWordpress &#8211; varreduras de seguran\u00e7a)<\/p>\n\n\n\n<p>&nbsp;MalDet &#8211; Detec\u00e7\u00e3o de malware no Linux, roda a cada 4h<\/p>\n\n\n\n<p>&nbsp;Wordpress Toolkit do Plesk (atualiza\u00e7\u00f5es, notifica\u00e7\u00f5es internas)<\/p>\n\n\n\n<p>&nbsp;ModSecurity com regras customiz\u00e1veis Comodo Rules<\/p>\n\n\n\n<p>&nbsp;Firewall a n\u00edvel de servidor<\/p>\n\n\n\n<p>&nbsp;SSL Let&#8217; s Encrypt gr\u00e1tis<\/p>\n\n\n\n<p><\/p>\n\n\n\n<div class=\"wp-block-contact-form-7-contact-form-selector\">\n<div class=\"wpcf7 no-js\" id=\"wpcf7-f19-o1\" lang=\"pt-BR\" dir=\"ltr\" data-wpcf7-id=\"19\">\n<div class=\"screen-reader-response\"><p role=\"status\" aria-live=\"polite\" aria-atomic=\"true\"><\/p> <ul><\/ul><\/div>\n<form action=\"\/new\/wp-json\/wp\/v2\/pages\/101#wpcf7-f19-o1\" method=\"post\" class=\"wpcf7-form init\" aria-label=\"Formul\u00e1rios de contato\" novalidate=\"novalidate\" data-status=\"init\">\n<fieldset class=\"hidden-fields-container\"><input type=\"hidden\" name=\"_wpcf7\" value=\"19\" \/><input type=\"hidden\" name=\"_wpcf7_version\" value=\"6.1.5\" \/><input type=\"hidden\" name=\"_wpcf7_locale\" value=\"pt_BR\" \/><input type=\"hidden\" name=\"_wpcf7_unit_tag\" value=\"wpcf7-f19-o1\" \/><input type=\"hidden\" name=\"_wpcf7_container_post\" value=\"0\" \/><input type=\"hidden\" name=\"_wpcf7_posted_data_hash\" value=\"\" \/><input type=\"hidden\" name=\"_wpcf7_recaptcha_response\" value=\"\" \/>\n<\/fieldset>\n<p>Entre em Contato.<br \/>\n<label> Seu nome<br \/>\n<span class=\"wpcf7-form-control-wrap\" data-name=\"your-name\"><input size=\"40\" maxlength=\"400\" class=\"wpcf7-form-control wpcf7-text wpcf7-validates-as-required\" aria-required=\"true\" aria-invalid=\"false\" value=\"\" type=\"text\" name=\"your-name\" \/><\/span> <\/label>\n<\/p>\n<p><label> Seu e-mail<br \/>\n<span class=\"wpcf7-form-control-wrap\" data-name=\"your-email\"><input size=\"40\" maxlength=\"400\" class=\"wpcf7-form-control wpcf7-email wpcf7-validates-as-required wpcf7-text wpcf7-validates-as-email\" aria-required=\"true\" aria-invalid=\"false\" value=\"\" type=\"email\" name=\"your-email\" \/><\/span> <\/label>\n<\/p>\n<p><label> Assunto<br \/>\n<span class=\"wpcf7-form-control-wrap\" data-name=\"your-subject\"><input size=\"40\" maxlength=\"400\" class=\"wpcf7-form-control wpcf7-text wpcf7-validates-as-required\" aria-required=\"true\" aria-invalid=\"false\" value=\"\" type=\"text\" name=\"your-subject\" \/><\/span> <\/label>\n<\/p>\n<p><label> Sua mensagem (opcional)<br \/>\n<span class=\"wpcf7-form-control-wrap\" data-name=\"your-message\"><textarea cols=\"40\" rows=\"10\" maxlength=\"2000\" class=\"wpcf7-form-control wpcf7-textarea\" aria-invalid=\"false\" name=\"your-message\"><\/textarea><\/span> <\/label>\n<\/p>\n<p><input class=\"wpcf7-form-control wpcf7-submit has-spinner\" type=\"submit\" value=\"Enviar\" \/>\n<\/p><div class=\"wpcf7-response-output\" aria-hidden=\"true\"><\/div>\n<\/form>\n<\/div>\n<\/div>\n","protected":false},"excerpt":{"rendered":"<p>Hospede seu site com pioneiros na telecomunica\u00e7\u00e3o de dados! Gerador de Websites com IA (Direto no Painel)Descreva seus objetivos e &hellip; <a href=\"https:\/\/www5.centraldedominio.com.br\/new\/gerador-de-websites-com-ia\/\" class=\"more-link\">Continue reading <span class=\"screen-reader-text\">Hospedagem de Site com IA<\/span><\/a><\/p>\n","protected":false},"author":1,"featured_media":0,"parent":0,"menu_order":0,"comment_status":"closed","ping_status":"closed","template":"","meta":{"footnotes":""},"class_list":["post-101","page","type-page","status-publish","hentry"],"yoast_head":"<!-- This site is optimized with the Yoast SEO plugin v27.5 - https:\/\/yoast.com\/product\/yoast-seo-wordpress\/ -->\n<title>Hospedagem de Site com IA - Central de Dominio %<\/title>\n<meta name=\"description\" content=\"Conte seus objetivos e use nosso gerador de websites com IA para criar design, layout e conte\u00fado com mais rapidez e praticidade.\" \/>\n<meta name=\"robots\" content=\"index, follow, max-snippet:-1, max-image-preview:large, max-video-preview:-1\" \/>\n<link rel=\"canonical\" href=\"https:\/\/www5.centraldedominio.com.br\/new\/gerador-de-websites-com-ia\/\" \/>\n<meta property=\"og:locale\" content=\"pt_BR\" \/>\n<meta property=\"og:type\" content=\"article\" \/>\n<meta property=\"og:title\" content=\"Hospedagem de Site com IA - Central de Dominio %\" \/>\n<meta property=\"og:description\" content=\"Conte seus objetivos e use nosso gerador de websites com IA para criar design, layout e conte\u00fado com mais rapidez e praticidade.\" \/>\n<meta property=\"og:url\" content=\"https:\/\/www5.centraldedominio.com.br\/new\/gerador-de-websites-com-ia\/\" \/>\n<meta property=\"og:site_name\" content=\"Central de Dominio\" \/>\n<meta property=\"article:modified_time\" content=\"2026-04-30T14:31:12+00:00\" \/>\n<meta name=\"twitter:card\" content=\"summary_large_image\" \/>\n<meta name=\"twitter:label1\" content=\"Est. tempo de leitura\" \/>\n\t<meta name=\"twitter:data1\" content=\"2 minutos\" \/>\n<script type=\"application\/ld+json\" class=\"yoast-schema-graph\">{\"@context\":\"https:\\\/\\\/schema.org\",\"@graph\":[{\"@type\":\"WebPage\",\"@id\":\"https:\\\/\\\/www5.centraldedominio.com.br\\\/new\\\/gerador-de-websites-com-ia\\\/\",\"url\":\"https:\\\/\\\/www5.centraldedominio.com.br\\\/new\\\/gerador-de-websites-com-ia\\\/\",\"name\":\"Hospedagem de Site com IA - Central de Dominio %\",\"isPartOf\":{\"@id\":\"https:\\\/\\\/www5.centraldedominio.com.br\\\/new\\\/#website\"},\"datePublished\":\"2022-03-10T11:20:41+00:00\",\"dateModified\":\"2026-04-30T14:31:12+00:00\",\"description\":\"Conte seus objetivos e use nosso gerador de websites com IA para criar design, layout e conte\u00fado com mais rapidez e praticidade.\",\"breadcrumb\":{\"@id\":\"https:\\\/\\\/www5.centraldedominio.com.br\\\/new\\\/gerador-de-websites-com-ia\\\/#breadcrumb\"},\"inLanguage\":\"pt-BR\",\"potentialAction\":[{\"@type\":\"ReadAction\",\"target\":[\"https:\\\/\\\/www5.centraldedominio.com.br\\\/new\\\/gerador-de-websites-com-ia\\\/\"]}]},{\"@type\":\"BreadcrumbList\",\"@id\":\"https:\\\/\\\/www5.centraldedominio.com.br\\\/new\\\/gerador-de-websites-com-ia\\\/#breadcrumb\",\"itemListElement\":[{\"@type\":\"ListItem\",\"position\":1,\"name\":\"In\u00edcio\",\"item\":\"https:\\\/\\\/www5.centraldedominio.com.br\\\/new\\\/\"},{\"@type\":\"ListItem\",\"position\":2,\"name\":\"Hospedagem de Site com IA\"}]},{\"@type\":\"WebSite\",\"@id\":\"https:\\\/\\\/www5.centraldedominio.com.br\\\/new\\\/#website\",\"url\":\"https:\\\/\\\/www5.centraldedominio.com.br\\\/new\\\/\",\"name\":\"Central de Dominio\",\"description\":\"Hospedagem de Sites, Cloud Computing, Registro de Dominios, E-mail Profissional\",\"publisher\":{\"@id\":\"https:\\\/\\\/www5.centraldedominio.com.br\\\/new\\\/#organization\"},\"potentialAction\":[{\"@type\":\"SearchAction\",\"target\":{\"@type\":\"EntryPoint\",\"urlTemplate\":\"https:\\\/\\\/www5.centraldedominio.com.br\\\/new\\\/?s={search_term_string}\"},\"query-input\":{\"@type\":\"PropertyValueSpecification\",\"valueRequired\":true,\"valueName\":\"search_term_string\"}}],\"inLanguage\":\"pt-BR\"},{\"@type\":\"Organization\",\"@id\":\"https:\\\/\\\/www5.centraldedominio.com.br\\\/new\\\/#organization\",\"name\":\"Central de Dominio\",\"url\":\"https:\\\/\\\/www5.centraldedominio.com.br\\\/new\\\/\",\"logo\":{\"@type\":\"ImageObject\",\"inLanguage\":\"pt-BR\",\"@id\":\"https:\\\/\\\/www5.centraldedominio.com.br\\\/new\\\/#\\\/schema\\\/logo\\\/image\\\/\",\"url\":\"http:\\\/\\\/www5.centraldedominio.com.br\\\/new\\\/wp-content\\\/uploads\\\/2022\\\/03\\\/logo_central.gif\",\"contentUrl\":\"http:\\\/\\\/www5.centraldedominio.com.br\\\/new\\\/wp-content\\\/uploads\\\/2022\\\/03\\\/logo_central.gif\",\"width\":212,\"height\":79,\"caption\":\"Central de Dominio\"},\"image\":{\"@id\":\"https:\\\/\\\/www5.centraldedominio.com.br\\\/new\\\/#\\\/schema\\\/logo\\\/image\\\/\"}}]}<\/script>\n<!-- \/ Yoast SEO plugin. -->","yoast_head_json":{"title":"Hospedagem de Site com IA - Central de Dominio %","description":"Conte seus objetivos e use nosso gerador de websites com IA para criar design, layout e conte\u00fado com mais rapidez e praticidade.","robots":{"index":"index","follow":"follow","max-snippet":"max-snippet:-1","max-image-preview":"max-image-preview:large","max-video-preview":"max-video-preview:-1"},"canonical":"https:\/\/www5.centraldedominio.com.br\/new\/gerador-de-websites-com-ia\/","og_locale":"pt_BR","og_type":"article","og_title":"Hospedagem de Site com IA - Central de Dominio %","og_description":"Conte seus objetivos e use nosso gerador de websites com IA para criar design, layout e conte\u00fado com mais rapidez e praticidade.","og_url":"https:\/\/www5.centraldedominio.com.br\/new\/gerador-de-websites-com-ia\/","og_site_name":"Central de Dominio","article_modified_time":"2026-04-30T14:31:12+00:00","twitter_card":"summary_large_image","twitter_misc":{"Est. tempo de leitura":"2 minutos"},"schema":{"@context":"https:\/\/schema.org","@graph":[{"@type":"WebPage","@id":"https:\/\/www5.centraldedominio.com.br\/new\/gerador-de-websites-com-ia\/","url":"https:\/\/www5.centraldedominio.com.br\/new\/gerador-de-websites-com-ia\/","name":"Hospedagem de Site com IA - Central de Dominio %","isPartOf":{"@id":"https:\/\/www5.centraldedominio.com.br\/new\/#website"},"datePublished":"2022-03-10T11:20:41+00:00","dateModified":"2026-04-30T14:31:12+00:00","description":"Conte seus objetivos e use nosso gerador de websites com IA para criar design, layout e conte\u00fado com mais rapidez e praticidade.","breadcrumb":{"@id":"https:\/\/www5.centraldedominio.com.br\/new\/gerador-de-websites-com-ia\/#breadcrumb"},"inLanguage":"pt-BR","potentialAction":[{"@type":"ReadAction","target":["https:\/\/www5.centraldedominio.com.br\/new\/gerador-de-websites-com-ia\/"]}]},{"@type":"BreadcrumbList","@id":"https:\/\/www5.centraldedominio.com.br\/new\/gerador-de-websites-com-ia\/#breadcrumb","itemListElement":[{"@type":"ListItem","position":1,"name":"In\u00edcio","item":"https:\/\/www5.centraldedominio.com.br\/new\/"},{"@type":"ListItem","position":2,"name":"Hospedagem de Site com IA"}]},{"@type":"WebSite","@id":"https:\/\/www5.centraldedominio.com.br\/new\/#website","url":"https:\/\/www5.centraldedominio.com.br\/new\/","name":"Central de Dominio","description":"Hospedagem de Sites, Cloud Computing, Registro de Dominios, E-mail Profissional","publisher":{"@id":"https:\/\/www5.centraldedominio.com.br\/new\/#organization"},"potentialAction":[{"@type":"SearchAction","target":{"@type":"EntryPoint","urlTemplate":"https:\/\/www5.centraldedominio.com.br\/new\/?s={search_term_string}"},"query-input":{"@type":"PropertyValueSpecification","valueRequired":true,"valueName":"search_term_string"}}],"inLanguage":"pt-BR"},{"@type":"Organization","@id":"https:\/\/www5.centraldedominio.com.br\/new\/#organization","name":"Central de Dominio","url":"https:\/\/www5.centraldedominio.com.br\/new\/","logo":{"@type":"ImageObject","inLanguage":"pt-BR","@id":"https:\/\/www5.centraldedominio.com.br\/new\/#\/schema\/logo\/image\/","url":"http:\/\/www5.centraldedominio.com.br\/new\/wp-content\/uploads\/2022\/03\/logo_central.gif","contentUrl":"http:\/\/www5.centraldedominio.com.br\/new\/wp-content\/uploads\/2022\/03\/logo_central.gif","width":212,"height":79,"caption":"Central de Dominio"},"image":{"@id":"https:\/\/www5.centraldedominio.com.br\/new\/#\/schema\/logo\/image\/"}}]}},"jetpack_sharing_enabled":true,"_links":{"self":[{"href":"https:\/\/www5.centraldedominio.com.br\/new\/wp-json\/wp\/v2\/pages\/101","targetHints":{"allow":["GET"]}}],"collection":[{"href":"https:\/\/www5.centraldedominio.com.br\/new\/wp-json\/wp\/v2\/pages"}],"about":[{"href":"https:\/\/www5.centraldedominio.com.br\/new\/wp-json\/wp\/v2\/types\/page"}],"author":[{"embeddable":true,"href":"https:\/\/www5.centraldedominio.com.br\/new\/wp-json\/wp\/v2\/users\/1"}],"replies":[{"embeddable":true,"href":"https:\/\/www5.centraldedominio.com.br\/new\/wp-json\/wp\/v2\/comments?post=101"}],"version-history":[{"count":10,"href":"https:\/\/www5.centraldedominio.com.br\/new\/wp-json\/wp\/v2\/pages\/101\/revisions"}],"predecessor-version":[{"id":473,"href":"https:\/\/www5.centraldedominio.com.br\/new\/wp-json\/wp\/v2\/pages\/101\/revisions\/473"}],"wp:attachment":[{"href":"https:\/\/www5.centraldedominio.com.br\/new\/wp-json\/wp\/v2\/media?parent=101"}],"curies":[{"name":"wp","href":"https:\/\/api.w.org\/{rel}","templated":true}]}}