{"id":142,"date":"2022-03-10T09:44:08","date_gmt":"2022-03-10T12:44:08","guid":{"rendered":"http:\/\/www5.centraldedominio.com.br\/new\/?page_id=142"},"modified":"2022-03-12T10:01:40","modified_gmt":"2022-03-12T13:01:40","slug":"filtragem-anti-spam","status":"publish","type":"page","link":"https:\/\/www5.centraldedominio.com.br\/new\/filtragem-anti-spam\/","title":{"rendered":"Filtragem Anti-Spam"},"content":{"rendered":"\n<p>Seu E-mail n\u00e3o necessita esta hospedado em nosso servidor.<\/p>\n\n\n\n<p>N\u00e3o necessita a instala\u00e7\u00e3o de nenhum software ou script em seu servidor. Basta redirecionar o endere\u00e7o de MX do dom\u00ednio para nossos servidores e a filtragem inicia-se automaticamente. o SPFBL \u00e9 alimentado em tempo real por milhares de usu\u00e1rios conectados atrav\u00e9s de uma rede peer to peer, a taxa de falsos positivos \u00e9 quase zero.<\/p>\n\n\n\n<p>Elimine 99,9% do tr\u00e1fego de spam da sua rede facilmente, sem instalar nenhum programa. N\u00f3s cuidamos de tudo para voc\u00ea.<\/p>\n\n\n\n<p>Nosso gateway antispam foi projetado para trabalhar bem diretamente com MX. Trata-se de um sistema de reputa\u00e7\u00e3o em redes peer-to-peer, inventado por brasileiros e com alt\u00edssimos \u00edndices de detec\u00e7\u00e3o de spam. Abolimos a pasta SPAM e introduzimos t\u00e9cnicas que objetivam incomodar o destinat\u00e1rio o m\u00ednimo poss\u00edvel e reduzir o recebimento de spam o m\u00e1ximo poss\u00edvel.<\/p>\n\n\n\n<p>Trata-se de um servi\u00e7o verdadeiramente pioneiro, que busca cadastrar respons\u00e1veis pela administra\u00e7\u00e3o de e-mails, detectar suas reputa\u00e7\u00f5es e mais, ajudar a comunidade na resolu\u00e7\u00e3o de bloqueios de spam. Um sistema com reputa\u00e7\u00e3o ruim, consegue melhorar sua situa\u00e7\u00e3o, parando de enviar spam.<\/p>\n\n\n\n<p>O sistema tamb\u00e9m age como MX secund\u00e1rio, ret\u00e9m e-mails quando seu sistema est\u00e1 fora do ar e fica tentando enviar de volta ao seu servidor por 72h, uma vez a cada 30 min., nas primeiras 24h, e a cada hora, depois de 24h.<\/p>\n\n\n\n<p>Todo dia primeiro, nosso sistema computa as contas em uso (3 checagens no m\u00eas), para fins de cobran\u00e7a, sendo enviada c\u00f3pia da listagem de contas para o email do administrador.<\/p>\n\n\n\n<p>O ideal \u00e9 desativar o antispam do seu servidor de email e garantir que a checagem SPF esteja desativada nos emails entrantes do seu servidor. Ainda, alocar os IPs de nossos MXs nos IPs confi\u00e1veis do seu servidor de correio e manter a porta 25 aberta apenas para nossos servidores (gateway entrante).<\/p>\n\n\n\n<p>100% compat\u00edvel com Office 365.<\/p>\n\n\n\n<p>Capacidade de fornecem listagem de dom\u00ednios que deseja alocar em lista branca, logo na contrata\u00e7\u00e3o.<\/p>\n\n\n\n<p><strong>Filtragem na borda<\/strong><\/p>\n\n\n\n<p>Filtre spams antes de chegarem ao seu servidor atrav\u00e9s de sistema criado pela nossa equipe experiente, que gerencia a primeira DNSBL brasileira do mercado. A filtragem em nosso servidor alivia o processamento do seu servidor de e-mail. Nossa solu\u00e7\u00e3o tamb\u00e9m \u00e9 \u00f3tima para aqueles que possuem contas em um provedor onde a filtragem antispam \u00e9 deficit\u00e1ria.<\/p>\n\n\n\n<p>O SPFBL foi projetado para trabalhar bem diretamente com MX. O servi\u00e7o consiste em realizar a consulta SPF e ao mesmo tempo verificar se o respons\u00e1vel pelo envio da mensagem est\u00e1 listado como fonte de SPAM. Servidores de e-mail que fazem consulta SPF normalmente realizam tamb\u00e9m, em m\u00e9dia, tr\u00eas consultas DNSBL distintas. O prop\u00f3sito deste projeto \u00e9 permitir que os servidores de e-mail realizem apenas uma consulta de reputa\u00e7\u00e3o inv\u00e9s de quatro, economizando tr\u00e1fego de rede e reduzindo a lat\u00eancia no recebimento.<\/p>\n\n\n\n<p><strong>Elimine at\u00e9 85% do tr\u00e1fego de e-mail<\/strong><\/p>\n\n\n\n<p>Cerca de 85% dos e-mails recebidos por um servidor MTA s\u00e3o SPAM, apenas 15% das mensagens s\u00e3o leg\u00edtimas. Aumente a capacidade do seu servi\u00e7o de e-mail sem custo adicional com infraestrutura. O objetivo \u00e9 que evite perda de tempo vasculhando pastas de spam.<\/p>\n\n\n\n<p>Conhe\u00e7a as principais caracter\u00edsticas referentes ao m\u00e9todo de funcionamento do sistema:<\/p>\n\n\n\n<p>&#8211; Spams \u00f3bvios s\u00e3o rejeitados<\/p>\n\n\n\n<p>&#8211; Quando o sistema tem d\u00favidas, ele interage com o destinat\u00e1rio, enviando uma indaga\u00e7\u00e3o sobre certo email ser ou n\u00e3o spam.<\/p>\n\n\n\n<p>Veja tela de exemplo de um desses emails:<\/p>\n\n\n\n<div class=\"wp-block-image\"><figure class=\"aligncenter size-full\"><img loading=\"lazy\" decoding=\"async\" width=\"603\" height=\"449\" src=\"http:\/\/www5.centraldedominio.com.br\/new\/wp-content\/uploads\/2022\/03\/spfbl_retencao-central-de-dominio.png\" alt=\"\" class=\"wp-image-147\" srcset=\"https:\/\/www5.centraldedominio.com.br\/new\/wp-content\/uploads\/2022\/03\/spfbl_retencao-central-de-dominio.png 603w, https:\/\/www5.centraldedominio.com.br\/new\/wp-content\/uploads\/2022\/03\/spfbl_retencao-central-de-dominio-300x223.png 300w\" sizes=\"auto, (max-width: 603px) 100vw, 603px\" \/><\/figure><\/div>\n\n\n\n<p>Cada vez mais, casos de reten\u00e7\u00e3o s\u00e3o menos comuns, pois o sistema tem um grande de acerto alt\u00edssimo. Em todo caso, se uma mensagem \u00e9 retida, contanto que o remetente tenha valida\u00e7\u00e3o devida (PTR, SPF, DKIM, etc.) e o email n\u00e3o contenha malware, o destinat\u00e1rio fica sabendo imediatamente e o postmaster (administrador do servi\u00e7o de antispam), recebe email referente \u00e0 libera\u00e7\u00e3o do email retido, em at\u00e9 1 hora.<\/p>\n\n\n\n<p>Al\u00e9m disso, tais emails podem ser liberados pelo administrador, a qualquer momento, atrav\u00e9s de uma interface web, onde consegue gerenciar e-mails recebidos e retidos, lista branca, negra, etc.<\/p>\n\n\n\n<p><strong>Painel de administra\u00e7\u00e3o:<\/strong><\/p>\n\n\n\n<div class=\"wp-block-image\"><figure class=\"aligncenter size-large\"><img loading=\"lazy\" decoding=\"async\" width=\"1024\" height=\"528\" src=\"http:\/\/www5.centraldedominio.com.br\/new\/wp-content\/uploads\/2022\/03\/relatorio_antispam-central-de-dominio-1024x528.png\" alt=\"\" class=\"wp-image-150\" srcset=\"https:\/\/www5.centraldedominio.com.br\/new\/wp-content\/uploads\/2022\/03\/relatorio_antispam-central-de-dominio-1024x528.png 1024w, https:\/\/www5.centraldedominio.com.br\/new\/wp-content\/uploads\/2022\/03\/relatorio_antispam-central-de-dominio-300x155.png 300w, https:\/\/www5.centraldedominio.com.br\/new\/wp-content\/uploads\/2022\/03\/relatorio_antispam-central-de-dominio-768x396.png 768w, https:\/\/www5.centraldedominio.com.br\/new\/wp-content\/uploads\/2022\/03\/relatorio_antispam-central-de-dominio.png 1442w\" sizes=\"auto, (max-width: 1024px) 100vw, 1024px\" \/><figcaption>Painel de Administra\u00e7\u00e3o<\/figcaption><\/figure><\/div>\n\n\n\n<p>&#8211; O sistema est\u00e1 constantemente aprendendo, com o objetivo de incomodar o cliente o m\u00ednimo poss\u00edvel e ter uma caixa postal com cada vez menos spam. Em alguns casos, o sistema pode at\u00e9 entregar um spam, mas posteriormente, ao receber muitos feedbacks negativos da rede peer-to-peer, lhe enviar um e-mail, indagando se o e-mail que recebeu era spam.<\/p>\n\n\n\n<p>&#8211; Conta com&nbsp;<strong>in\u00fameras<\/strong>&nbsp;t\u00e9cnicas na detec\u00e7\u00e3o de spam.<\/p>\n\n\n\n<p><strong>Lista branca e negra personalizad<\/strong>as.<\/p>\n\n\n\n<p>Relat\u00f3rio via web do administrador, por onde consegue gerenciar e-mails retidos e alocar itens em lista branca ou negra. Trata-se de um sistema peer-to-peer, colaborativo. Ao bloquear um email\/remetetente, isso gera uma den\u00fancia ao datacenter e piora a reputa\u00e7\u00e3o do remetente.<\/p>\n\n\n\n<div class=\"wp-block-contact-form-7-contact-form-selector\">\n<div class=\"wpcf7 no-js\" id=\"wpcf7-f19-o1\" lang=\"pt-BR\" dir=\"ltr\" data-wpcf7-id=\"19\">\n<div class=\"screen-reader-response\"><p role=\"status\" aria-live=\"polite\" aria-atomic=\"true\"><\/p> <ul><\/ul><\/div>\n<form action=\"\/new\/wp-json\/wp\/v2\/pages\/142#wpcf7-f19-o1\" method=\"post\" class=\"wpcf7-form init\" aria-label=\"Formul\u00e1rios de contato\" novalidate=\"novalidate\" data-status=\"init\">\n<fieldset class=\"hidden-fields-container\"><input type=\"hidden\" name=\"_wpcf7\" value=\"19\" \/><input type=\"hidden\" name=\"_wpcf7_version\" value=\"6.1.5\" \/><input type=\"hidden\" name=\"_wpcf7_locale\" value=\"pt_BR\" \/><input type=\"hidden\" name=\"_wpcf7_unit_tag\" value=\"wpcf7-f19-o1\" \/><input type=\"hidden\" name=\"_wpcf7_container_post\" value=\"0\" \/><input type=\"hidden\" name=\"_wpcf7_posted_data_hash\" value=\"\" \/><input type=\"hidden\" name=\"_wpcf7_recaptcha_response\" value=\"\" \/>\n<\/fieldset>\n<p>Entre em Contato.<br \/>\n<label> Seu nome<br \/>\n<span class=\"wpcf7-form-control-wrap\" data-name=\"your-name\"><input size=\"40\" maxlength=\"400\" class=\"wpcf7-form-control wpcf7-text wpcf7-validates-as-required\" aria-required=\"true\" aria-invalid=\"false\" value=\"\" type=\"text\" name=\"your-name\" \/><\/span> <\/label>\n<\/p>\n<p><label> Seu e-mail<br \/>\n<span class=\"wpcf7-form-control-wrap\" data-name=\"your-email\"><input size=\"40\" maxlength=\"400\" class=\"wpcf7-form-control wpcf7-email wpcf7-validates-as-required wpcf7-text wpcf7-validates-as-email\" aria-required=\"true\" aria-invalid=\"false\" value=\"\" type=\"email\" name=\"your-email\" \/><\/span> <\/label>\n<\/p>\n<p><label> Assunto<br \/>\n<span class=\"wpcf7-form-control-wrap\" data-name=\"your-subject\"><input size=\"40\" maxlength=\"400\" class=\"wpcf7-form-control wpcf7-text wpcf7-validates-as-required\" aria-required=\"true\" aria-invalid=\"false\" value=\"\" type=\"text\" name=\"your-subject\" \/><\/span> <\/label>\n<\/p>\n<p><label> Sua mensagem (opcional)<br \/>\n<span class=\"wpcf7-form-control-wrap\" data-name=\"your-message\"><textarea cols=\"40\" rows=\"10\" maxlength=\"2000\" class=\"wpcf7-form-control wpcf7-textarea\" aria-invalid=\"false\" name=\"your-message\"><\/textarea><\/span> <\/label>\n<\/p>\n<p><input class=\"wpcf7-form-control wpcf7-submit has-spinner\" type=\"submit\" value=\"Enviar\" \/>\n<\/p><div class=\"wpcf7-response-output\" aria-hidden=\"true\"><\/div>\n<\/form>\n<\/div>\n<\/div>\n","protected":false},"excerpt":{"rendered":"<p>Seu E-mail n\u00e3o necessita esta hospedado em nosso servidor. N\u00e3o necessita a instala\u00e7\u00e3o de nenhum software ou script em seu &hellip; <a href=\"https:\/\/www5.centraldedominio.com.br\/new\/filtragem-anti-spam\/\" class=\"more-link\">Continue reading <span class=\"screen-reader-text\">Filtragem Anti-Spam<\/span><\/a><\/p>\n","protected":false},"author":1,"featured_media":0,"parent":0,"menu_order":0,"comment_status":"closed","ping_status":"closed","template":"","meta":{"footnotes":""},"class_list":["post-142","page","type-page","status-publish","hentry"],"yoast_head":"<!-- This site is optimized with the Yoast SEO plugin v27.5 - https:\/\/yoast.com\/product\/yoast-seo-wordpress\/ -->\n<title>Filtragem Anti-Spam - Central de Dominio %<\/title>\n<meta name=\"description\" content=\"Filtragem Anti-Spam Central de Dominio -\" \/>\n<meta name=\"robots\" content=\"index, follow, max-snippet:-1, max-image-preview:large, max-video-preview:-1\" \/>\n<link rel=\"canonical\" href=\"https:\/\/www5.centraldedominio.com.br\/new\/filtragem-anti-spam\/\" \/>\n<meta property=\"og:locale\" content=\"pt_BR\" \/>\n<meta property=\"og:type\" content=\"article\" \/>\n<meta property=\"og:title\" content=\"Filtragem Anti-Spam - Central de Dominio %\" \/>\n<meta property=\"og:description\" content=\"Filtragem Anti-Spam Central de Dominio -\" \/>\n<meta property=\"og:url\" content=\"https:\/\/www5.centraldedominio.com.br\/new\/filtragem-anti-spam\/\" \/>\n<meta property=\"og:site_name\" content=\"Central de Dominio\" \/>\n<meta property=\"article:modified_time\" content=\"2022-03-12T13:01:40+00:00\" \/>\n<meta property=\"og:image\" content=\"http:\/\/www5.centraldedominio.com.br\/new\/wp-content\/uploads\/2022\/03\/spfbl_retencao-central-de-dominio.png\" \/>\n<meta name=\"twitter:card\" content=\"summary_large_image\" \/>\n<meta name=\"twitter:label1\" content=\"Est. tempo de leitura\" \/>\n\t<meta name=\"twitter:data1\" content=\"5 minutos\" \/>\n<script type=\"application\/ld+json\" class=\"yoast-schema-graph\">{\"@context\":\"https:\\\/\\\/schema.org\",\"@graph\":[{\"@type\":\"WebPage\",\"@id\":\"https:\\\/\\\/www5.centraldedominio.com.br\\\/new\\\/filtragem-anti-spam\\\/\",\"url\":\"https:\\\/\\\/www5.centraldedominio.com.br\\\/new\\\/filtragem-anti-spam\\\/\",\"name\":\"Filtragem Anti-Spam - Central de Dominio %\",\"isPartOf\":{\"@id\":\"https:\\\/\\\/www5.centraldedominio.com.br\\\/new\\\/#website\"},\"primaryImageOfPage\":{\"@id\":\"https:\\\/\\\/www5.centraldedominio.com.br\\\/new\\\/filtragem-anti-spam\\\/#primaryimage\"},\"image\":{\"@id\":\"https:\\\/\\\/www5.centraldedominio.com.br\\\/new\\\/filtragem-anti-spam\\\/#primaryimage\"},\"thumbnailUrl\":\"http:\\\/\\\/www5.centraldedominio.com.br\\\/new\\\/wp-content\\\/uploads\\\/2022\\\/03\\\/spfbl_retencao-central-de-dominio.png\",\"datePublished\":\"2022-03-10T12:44:08+00:00\",\"dateModified\":\"2022-03-12T13:01:40+00:00\",\"description\":\"Filtragem Anti-Spam Central de Dominio -\",\"breadcrumb\":{\"@id\":\"https:\\\/\\\/www5.centraldedominio.com.br\\\/new\\\/filtragem-anti-spam\\\/#breadcrumb\"},\"inLanguage\":\"pt-BR\",\"potentialAction\":[{\"@type\":\"ReadAction\",\"target\":[\"https:\\\/\\\/www5.centraldedominio.com.br\\\/new\\\/filtragem-anti-spam\\\/\"]}]},{\"@type\":\"ImageObject\",\"inLanguage\":\"pt-BR\",\"@id\":\"https:\\\/\\\/www5.centraldedominio.com.br\\\/new\\\/filtragem-anti-spam\\\/#primaryimage\",\"url\":\"https:\\\/\\\/www5.centraldedominio.com.br\\\/new\\\/wp-content\\\/uploads\\\/2022\\\/03\\\/spfbl_retencao-central-de-dominio.png\",\"contentUrl\":\"https:\\\/\\\/www5.centraldedominio.com.br\\\/new\\\/wp-content\\\/uploads\\\/2022\\\/03\\\/spfbl_retencao-central-de-dominio.png\",\"width\":603,\"height\":449},{\"@type\":\"BreadcrumbList\",\"@id\":\"https:\\\/\\\/www5.centraldedominio.com.br\\\/new\\\/filtragem-anti-spam\\\/#breadcrumb\",\"itemListElement\":[{\"@type\":\"ListItem\",\"position\":1,\"name\":\"In\u00edcio\",\"item\":\"https:\\\/\\\/www5.centraldedominio.com.br\\\/new\\\/\"},{\"@type\":\"ListItem\",\"position\":2,\"name\":\"Filtragem Anti-Spam\"}]},{\"@type\":\"WebSite\",\"@id\":\"https:\\\/\\\/www5.centraldedominio.com.br\\\/new\\\/#website\",\"url\":\"https:\\\/\\\/www5.centraldedominio.com.br\\\/new\\\/\",\"name\":\"Central de Dominio\",\"description\":\"Hospedagem de Sites, Cloud Computing, Registro de Dominios, E-mail Profissional\",\"publisher\":{\"@id\":\"https:\\\/\\\/www5.centraldedominio.com.br\\\/new\\\/#organization\"},\"potentialAction\":[{\"@type\":\"SearchAction\",\"target\":{\"@type\":\"EntryPoint\",\"urlTemplate\":\"https:\\\/\\\/www5.centraldedominio.com.br\\\/new\\\/?s={search_term_string}\"},\"query-input\":{\"@type\":\"PropertyValueSpecification\",\"valueRequired\":true,\"valueName\":\"search_term_string\"}}],\"inLanguage\":\"pt-BR\"},{\"@type\":\"Organization\",\"@id\":\"https:\\\/\\\/www5.centraldedominio.com.br\\\/new\\\/#organization\",\"name\":\"Central de Dominio\",\"url\":\"https:\\\/\\\/www5.centraldedominio.com.br\\\/new\\\/\",\"logo\":{\"@type\":\"ImageObject\",\"inLanguage\":\"pt-BR\",\"@id\":\"https:\\\/\\\/www5.centraldedominio.com.br\\\/new\\\/#\\\/schema\\\/logo\\\/image\\\/\",\"url\":\"http:\\\/\\\/www5.centraldedominio.com.br\\\/new\\\/wp-content\\\/uploads\\\/2022\\\/03\\\/logo_central.gif\",\"contentUrl\":\"http:\\\/\\\/www5.centraldedominio.com.br\\\/new\\\/wp-content\\\/uploads\\\/2022\\\/03\\\/logo_central.gif\",\"width\":212,\"height\":79,\"caption\":\"Central de Dominio\"},\"image\":{\"@id\":\"https:\\\/\\\/www5.centraldedominio.com.br\\\/new\\\/#\\\/schema\\\/logo\\\/image\\\/\"}}]}<\/script>\n<!-- \/ Yoast SEO plugin. -->","yoast_head_json":{"title":"Filtragem Anti-Spam - Central de Dominio %","description":"Filtragem Anti-Spam Central de Dominio -","robots":{"index":"index","follow":"follow","max-snippet":"max-snippet:-1","max-image-preview":"max-image-preview:large","max-video-preview":"max-video-preview:-1"},"canonical":"https:\/\/www5.centraldedominio.com.br\/new\/filtragem-anti-spam\/","og_locale":"pt_BR","og_type":"article","og_title":"Filtragem Anti-Spam - Central de Dominio %","og_description":"Filtragem Anti-Spam Central de Dominio -","og_url":"https:\/\/www5.centraldedominio.com.br\/new\/filtragem-anti-spam\/","og_site_name":"Central de Dominio","article_modified_time":"2022-03-12T13:01:40+00:00","og_image":[{"url":"http:\/\/www5.centraldedominio.com.br\/new\/wp-content\/uploads\/2022\/03\/spfbl_retencao-central-de-dominio.png","type":"","width":"","height":""}],"twitter_card":"summary_large_image","twitter_misc":{"Est. tempo de leitura":"5 minutos"},"schema":{"@context":"https:\/\/schema.org","@graph":[{"@type":"WebPage","@id":"https:\/\/www5.centraldedominio.com.br\/new\/filtragem-anti-spam\/","url":"https:\/\/www5.centraldedominio.com.br\/new\/filtragem-anti-spam\/","name":"Filtragem Anti-Spam - Central de Dominio %","isPartOf":{"@id":"https:\/\/www5.centraldedominio.com.br\/new\/#website"},"primaryImageOfPage":{"@id":"https:\/\/www5.centraldedominio.com.br\/new\/filtragem-anti-spam\/#primaryimage"},"image":{"@id":"https:\/\/www5.centraldedominio.com.br\/new\/filtragem-anti-spam\/#primaryimage"},"thumbnailUrl":"http:\/\/www5.centraldedominio.com.br\/new\/wp-content\/uploads\/2022\/03\/spfbl_retencao-central-de-dominio.png","datePublished":"2022-03-10T12:44:08+00:00","dateModified":"2022-03-12T13:01:40+00:00","description":"Filtragem Anti-Spam Central de Dominio -","breadcrumb":{"@id":"https:\/\/www5.centraldedominio.com.br\/new\/filtragem-anti-spam\/#breadcrumb"},"inLanguage":"pt-BR","potentialAction":[{"@type":"ReadAction","target":["https:\/\/www5.centraldedominio.com.br\/new\/filtragem-anti-spam\/"]}]},{"@type":"ImageObject","inLanguage":"pt-BR","@id":"https:\/\/www5.centraldedominio.com.br\/new\/filtragem-anti-spam\/#primaryimage","url":"https:\/\/www5.centraldedominio.com.br\/new\/wp-content\/uploads\/2022\/03\/spfbl_retencao-central-de-dominio.png","contentUrl":"https:\/\/www5.centraldedominio.com.br\/new\/wp-content\/uploads\/2022\/03\/spfbl_retencao-central-de-dominio.png","width":603,"height":449},{"@type":"BreadcrumbList","@id":"https:\/\/www5.centraldedominio.com.br\/new\/filtragem-anti-spam\/#breadcrumb","itemListElement":[{"@type":"ListItem","position":1,"name":"In\u00edcio","item":"https:\/\/www5.centraldedominio.com.br\/new\/"},{"@type":"ListItem","position":2,"name":"Filtragem Anti-Spam"}]},{"@type":"WebSite","@id":"https:\/\/www5.centraldedominio.com.br\/new\/#website","url":"https:\/\/www5.centraldedominio.com.br\/new\/","name":"Central de Dominio","description":"Hospedagem de Sites, Cloud Computing, Registro de Dominios, E-mail Profissional","publisher":{"@id":"https:\/\/www5.centraldedominio.com.br\/new\/#organization"},"potentialAction":[{"@type":"SearchAction","target":{"@type":"EntryPoint","urlTemplate":"https:\/\/www5.centraldedominio.com.br\/new\/?s={search_term_string}"},"query-input":{"@type":"PropertyValueSpecification","valueRequired":true,"valueName":"search_term_string"}}],"inLanguage":"pt-BR"},{"@type":"Organization","@id":"https:\/\/www5.centraldedominio.com.br\/new\/#organization","name":"Central de Dominio","url":"https:\/\/www5.centraldedominio.com.br\/new\/","logo":{"@type":"ImageObject","inLanguage":"pt-BR","@id":"https:\/\/www5.centraldedominio.com.br\/new\/#\/schema\/logo\/image\/","url":"http:\/\/www5.centraldedominio.com.br\/new\/wp-content\/uploads\/2022\/03\/logo_central.gif","contentUrl":"http:\/\/www5.centraldedominio.com.br\/new\/wp-content\/uploads\/2022\/03\/logo_central.gif","width":212,"height":79,"caption":"Central de Dominio"},"image":{"@id":"https:\/\/www5.centraldedominio.com.br\/new\/#\/schema\/logo\/image\/"}}]}},"jetpack_sharing_enabled":true,"_links":{"self":[{"href":"https:\/\/www5.centraldedominio.com.br\/new\/wp-json\/wp\/v2\/pages\/142","targetHints":{"allow":["GET"]}}],"collection":[{"href":"https:\/\/www5.centraldedominio.com.br\/new\/wp-json\/wp\/v2\/pages"}],"about":[{"href":"https:\/\/www5.centraldedominio.com.br\/new\/wp-json\/wp\/v2\/types\/page"}],"author":[{"embeddable":true,"href":"https:\/\/www5.centraldedominio.com.br\/new\/wp-json\/wp\/v2\/users\/1"}],"replies":[{"embeddable":true,"href":"https:\/\/www5.centraldedominio.com.br\/new\/wp-json\/wp\/v2\/comments?post=142"}],"version-history":[{"count":5,"href":"https:\/\/www5.centraldedominio.com.br\/new\/wp-json\/wp\/v2\/pages\/142\/revisions"}],"predecessor-version":[{"id":333,"href":"https:\/\/www5.centraldedominio.com.br\/new\/wp-json\/wp\/v2\/pages\/142\/revisions\/333"}],"wp:attachment":[{"href":"https:\/\/www5.centraldedominio.com.br\/new\/wp-json\/wp\/v2\/media?parent=142"}],"curies":[{"name":"wp","href":"https:\/\/api.w.org\/{rel}","templated":true}]}}