{"id":160,"date":"2022-03-10T14:45:47","date_gmt":"2022-03-10T17:45:47","guid":{"rendered":"http:\/\/www5.centraldedominio.com.br\/new\/?page_id=160"},"modified":"2022-03-10T14:45:48","modified_gmt":"2022-03-10T17:45:48","slug":"gerenciamento-de-servidores","status":"publish","type":"page","link":"https:\/\/www5.centraldedominio.com.br\/new\/gerenciamento-de-servidores\/","title":{"rendered":"GERENCIAMENTO DE SERVIDORES"},"content":{"rendered":"\n<p>Voc\u00ea est\u00e1 conseguindo gerenciar uma infra-estrutura complexa de servidor ?<br>Voc\u00ea precisa minimizar abertamente os investimentos de capital enquanto tem acesso \u00e0s tecnologias mais novas ?<br>Sua equipe de TI est\u00e1 gastando mais tempo gerenciando o servidor do que em novos projetos de TI ?<br>Tendo um extenso portf\u00f3lio de instala\u00e7\u00f5es.<br>O Servi\u00e7o de Gerenciamento de Servidores  permite uma atua\u00e7\u00e3o bastante ampla no suporte.<\/p>\n\n\n\n<p>Para definirmos uma excelente Servi\u00e7o de Gerenciamento o cliente dever\u00e1 responder a duas quest\u00f5es:<br>\u00bb Em caso de falha do Servidor, quanto tempo sua empresa pode ficar parada ?<br>\u00bb Qual o tempo m\u00e1ximo para in\u00edcio de atendimento ?<\/p>\n\n\n\n<p>Baseado na resposta \u00e0 estas quest\u00f5es nortearemos o Servi\u00e7o de Gerenciamento de Servidores, incluindo:<br>\u00bb Suporte a apenas 01 Servidor ou v\u00e1rios Servidores<br>\u00bb Projetos de Servidores Geo-Redundantes<br>\u00bb Projetos de Redund\u00e2ncia e Fail-Over<br>\u00bb Projeto de Recupera\u00e7\u00e3o de Desastres<br>\u00bb Backup de Alta Performance<br>\u00bb Equipe de T\u00e9cnicos Dispon\u00edvel por evento, Contrato, Parte Time no cliente, Full Time no Cliente, 24 horas<br>\u00bb Contrato Fixo ou Contrato Baseado em Horas<br>\u00bb Consolida\u00e7\u00e3o de servidores, procurando reduzir custos, facilitar gerenciamento, aumentar a confiabilidade e construir uma infraestrutura \u00e1gil<br>\u00bb Instala\u00e7\u00f5es e atualiza\u00e7\u00f5es de hardware, software e firmware<br>\u00bb Suporte aos sistemas operacionais utilizados pelo cliente<br>\u00bb Implementa\u00e7\u00e3o e customiza\u00e7\u00e3o de pol\u00edticas de seguran\u00e7a<br>\u00bb Registrar ocorr\u00eancias que possibilitem a an\u00e1lise para otimiza\u00e7\u00e3o de performance<br>\u00bb Cria\u00e7\u00e3o e atualiza\u00e7\u00e3o de uma Base de Conhecimentos, com procedimentos efetuados em problemas j\u00e1 solucionados, visando equacionar as chamadas com maior rapidez e efici\u00eancia, garantindo um menor tempo de solu\u00e7\u00e3o<br>\u00bb Customizar o ambiente tecnol\u00f3gico dentro das necessidades<br>\u00bb Planos de conting\u00eancia<br>\u00bb Apoio ao cliente para uma \u201cPol\u00edtica de Investimentos\u201d em TI consistente, com redu\u00e7\u00e3o de custos<br>\u00bb Documenta\u00e7\u00e3o dos processos e procedimentos<\/p>\n\n\n\n<p><strong>OBJETIVO<\/strong><\/p>\n\n\n\n<p>Esses servi\u00e7os ajudam voc\u00ea a estabelecer um ambiente de computa\u00e7\u00e3o inovador e colaborativo para dar o suporte aos seus neg\u00f3cios sem custos diretos. Esses servi\u00e7os podem ajudar voc\u00ea a:<br>\u00bb Conter os custos e os desafios de gerenciar seu ambiente de TI<br>\u00bb Liberar recursos estrat\u00e9gicos de TI para focar em outros projetos<br>\u00bb Aumentar a seguran\u00e7a, estabilidade, disponibilidade, efici\u00eancia operacional e a escalabilidade<br>\u00bb Acessar modelos alternativos de financiamento para ajudar voc\u00ea a trabalhar com limitadores financeiros<br>\u00bb Aumentar a visibilidade e o gerenciamento do n\u00edvel de servi\u00e7o<br>\u00bb Aumentar a efetividade dos mecanismos de reembolso internos<br>\u00bb Reduzir o custo total de propriedade<\/p>\n\n\n\n<p><strong>ESCOPO DO GERENCIAMENTO DE SERVIDORE<\/strong>S<\/p>\n\n\n\n<p><strong>\u00a0Processos:<\/strong><br>\u00bb Termo de abertura do Gerenciamento<br>\u00bb Matriz de responsabilidades<br>\u00bb Procedimentos para Chamados T\u00e9cnicos e Tickets<br>\u00bb Procedimentos para Escala\u00e7\u00e3o de Chamados para outros Prestadores de Servi\u00e7os se houverMonitoramento dos Servidores<br>\u00bb Documenta\u00e7\u00e3o do ambiente<br>\u00bb Termo de encerramento da Consultoria<\/p>\n\n\n\n<p><strong>ADMINISTRA\u00c7\u00c3O DE SERVIDORES<\/strong><\/p>\n\n\n\n<p>\u00bb Este departamento disp\u00f5e de equipe t\u00e9cnica capacitada em diversas plataformas, com centenas de aplica\u00e7\u00f5es e ferramentas, para o atendimento 24\u00d77 aos seus servidores.<br>\u00bb Oferecemos aos nossos clientes:<br>\u00bb Consolida\u00e7\u00e3o de servidores, procurando reduzir custos, facilitar gerenciamento, aumentar a confiabilidade e construir uma infraestrutura \u00e1gil<br>\u00bb Instala\u00e7\u00f5es e atualiza\u00e7\u00f5es de hardware, software e firmware<br>\u00bb Suporte aos sistemas operacionais utilizados pelo cliente<br>\u00bb Implementa\u00e7\u00e3o e customiza\u00e7\u00e3o de pol\u00edticas de seguran\u00e7a<br>\u00bb Registrar ocorr\u00eancias que possibilitem a an\u00e1lise para otimiza\u00e7\u00e3o de performance<br>\u00bb Cria\u00e7\u00e3o e atualiza\u00e7\u00e3o de uma Base de Conhecimentos, com procedimentos efetuados em problemas j\u00e1 solucionados, visando equacionar as chamadas com maior rapidez e efici\u00eancia, garantindo um menor tempo de solu\u00e7\u00e3o<br>\u00bb Customizar o ambiente tecnol\u00f3gico dentro das necessidades<br>\u00bb Planos de conting\u00eancia<br>\u00bb Apoio ao cliente para uma \u201cPol\u00edtica de Investimentos\u201d em TI consistente, com redu\u00e7\u00e3o de custos<br>\u00bb Servi\u00e7os e Projetos para Servidores<br>\u00bb Documenta\u00e7\u00e3o dos processos e procedimentos<\/p>\n\n\n\n<p><\/p>\n\n\n\n<p>Entre em <a href=\"http:\/\/www5.centraldedominio.com.br\/new\/contato\/\">contato<\/a>. <\/p>\n\n\n\n<p><\/p>\n","protected":false},"excerpt":{"rendered":"<p>Voc\u00ea est\u00e1 conseguindo gerenciar uma infra-estrutura complexa de servidor ?Voc\u00ea precisa minimizar abertamente os investimentos de capital enquanto tem acesso &hellip; <a href=\"https:\/\/www5.centraldedominio.com.br\/new\/gerenciamento-de-servidores\/\" class=\"more-link\">Continue reading <span class=\"screen-reader-text\">GERENCIAMENTO DE SERVIDORES<\/span><\/a><\/p>\n","protected":false},"author":1,"featured_media":0,"parent":0,"menu_order":0,"comment_status":"closed","ping_status":"closed","template":"","meta":{"footnotes":""},"class_list":["post-160","page","type-page","status-publish","hentry"],"yoast_head":"<!-- This site is optimized with the Yoast SEO plugin v27.5 - https:\/\/yoast.com\/product\/yoast-seo-wordpress\/ -->\n<title>GERENCIAMENTO DE SERVIDORES - Central de Dominio %<\/title>\n<meta name=\"description\" content=\"GERENCIAMENTO DE SERVIDORES Central de Dominio -\" \/>\n<meta name=\"robots\" content=\"index, follow, max-snippet:-1, max-image-preview:large, max-video-preview:-1\" \/>\n<link rel=\"canonical\" href=\"https:\/\/www5.centraldedominio.com.br\/new\/gerenciamento-de-servidores\/\" \/>\n<meta property=\"og:locale\" content=\"pt_BR\" \/>\n<meta property=\"og:type\" content=\"article\" \/>\n<meta property=\"og:title\" content=\"GERENCIAMENTO DE SERVIDORES - Central de Dominio %\" \/>\n<meta property=\"og:description\" content=\"GERENCIAMENTO DE SERVIDORES Central de Dominio -\" \/>\n<meta property=\"og:url\" content=\"https:\/\/www5.centraldedominio.com.br\/new\/gerenciamento-de-servidores\/\" \/>\n<meta property=\"og:site_name\" content=\"Central de Dominio\" \/>\n<meta property=\"article:modified_time\" content=\"2022-03-10T17:45:48+00:00\" \/>\n<meta name=\"twitter:card\" content=\"summary_large_image\" \/>\n<meta name=\"twitter:label1\" content=\"Est. tempo de leitura\" \/>\n\t<meta name=\"twitter:data1\" content=\"4 minutos\" \/>\n<script type=\"application\/ld+json\" class=\"yoast-schema-graph\">{\"@context\":\"https:\\\/\\\/schema.org\",\"@graph\":[{\"@type\":\"WebPage\",\"@id\":\"https:\\\/\\\/www5.centraldedominio.com.br\\\/new\\\/gerenciamento-de-servidores\\\/\",\"url\":\"https:\\\/\\\/www5.centraldedominio.com.br\\\/new\\\/gerenciamento-de-servidores\\\/\",\"name\":\"GERENCIAMENTO DE SERVIDORES - Central de Dominio %\",\"isPartOf\":{\"@id\":\"https:\\\/\\\/www5.centraldedominio.com.br\\\/new\\\/#website\"},\"datePublished\":\"2022-03-10T17:45:47+00:00\",\"dateModified\":\"2022-03-10T17:45:48+00:00\",\"description\":\"GERENCIAMENTO DE SERVIDORES Central de Dominio -\",\"breadcrumb\":{\"@id\":\"https:\\\/\\\/www5.centraldedominio.com.br\\\/new\\\/gerenciamento-de-servidores\\\/#breadcrumb\"},\"inLanguage\":\"pt-BR\",\"potentialAction\":[{\"@type\":\"ReadAction\",\"target\":[\"https:\\\/\\\/www5.centraldedominio.com.br\\\/new\\\/gerenciamento-de-servidores\\\/\"]}]},{\"@type\":\"BreadcrumbList\",\"@id\":\"https:\\\/\\\/www5.centraldedominio.com.br\\\/new\\\/gerenciamento-de-servidores\\\/#breadcrumb\",\"itemListElement\":[{\"@type\":\"ListItem\",\"position\":1,\"name\":\"In\u00edcio\",\"item\":\"https:\\\/\\\/www5.centraldedominio.com.br\\\/new\\\/\"},{\"@type\":\"ListItem\",\"position\":2,\"name\":\"GERENCIAMENTO DE SERVIDORES\"}]},{\"@type\":\"WebSite\",\"@id\":\"https:\\\/\\\/www5.centraldedominio.com.br\\\/new\\\/#website\",\"url\":\"https:\\\/\\\/www5.centraldedominio.com.br\\\/new\\\/\",\"name\":\"Central de Dominio\",\"description\":\"Hospedagem de Sites, Cloud Computing, Registro de Dominios, E-mail Profissional\",\"publisher\":{\"@id\":\"https:\\\/\\\/www5.centraldedominio.com.br\\\/new\\\/#organization\"},\"potentialAction\":[{\"@type\":\"SearchAction\",\"target\":{\"@type\":\"EntryPoint\",\"urlTemplate\":\"https:\\\/\\\/www5.centraldedominio.com.br\\\/new\\\/?s={search_term_string}\"},\"query-input\":{\"@type\":\"PropertyValueSpecification\",\"valueRequired\":true,\"valueName\":\"search_term_string\"}}],\"inLanguage\":\"pt-BR\"},{\"@type\":\"Organization\",\"@id\":\"https:\\\/\\\/www5.centraldedominio.com.br\\\/new\\\/#organization\",\"name\":\"Central de Dominio\",\"url\":\"https:\\\/\\\/www5.centraldedominio.com.br\\\/new\\\/\",\"logo\":{\"@type\":\"ImageObject\",\"inLanguage\":\"pt-BR\",\"@id\":\"https:\\\/\\\/www5.centraldedominio.com.br\\\/new\\\/#\\\/schema\\\/logo\\\/image\\\/\",\"url\":\"http:\\\/\\\/www5.centraldedominio.com.br\\\/new\\\/wp-content\\\/uploads\\\/2022\\\/03\\\/logo_central.gif\",\"contentUrl\":\"http:\\\/\\\/www5.centraldedominio.com.br\\\/new\\\/wp-content\\\/uploads\\\/2022\\\/03\\\/logo_central.gif\",\"width\":212,\"height\":79,\"caption\":\"Central de Dominio\"},\"image\":{\"@id\":\"https:\\\/\\\/www5.centraldedominio.com.br\\\/new\\\/#\\\/schema\\\/logo\\\/image\\\/\"}}]}<\/script>\n<!-- \/ Yoast SEO plugin. -->","yoast_head_json":{"title":"GERENCIAMENTO DE SERVIDORES - Central de Dominio %","description":"GERENCIAMENTO DE SERVIDORES Central de Dominio -","robots":{"index":"index","follow":"follow","max-snippet":"max-snippet:-1","max-image-preview":"max-image-preview:large","max-video-preview":"max-video-preview:-1"},"canonical":"https:\/\/www5.centraldedominio.com.br\/new\/gerenciamento-de-servidores\/","og_locale":"pt_BR","og_type":"article","og_title":"GERENCIAMENTO DE SERVIDORES - Central de Dominio %","og_description":"GERENCIAMENTO DE SERVIDORES Central de Dominio -","og_url":"https:\/\/www5.centraldedominio.com.br\/new\/gerenciamento-de-servidores\/","og_site_name":"Central de Dominio","article_modified_time":"2022-03-10T17:45:48+00:00","twitter_card":"summary_large_image","twitter_misc":{"Est. tempo de leitura":"4 minutos"},"schema":{"@context":"https:\/\/schema.org","@graph":[{"@type":"WebPage","@id":"https:\/\/www5.centraldedominio.com.br\/new\/gerenciamento-de-servidores\/","url":"https:\/\/www5.centraldedominio.com.br\/new\/gerenciamento-de-servidores\/","name":"GERENCIAMENTO DE SERVIDORES - Central de Dominio %","isPartOf":{"@id":"https:\/\/www5.centraldedominio.com.br\/new\/#website"},"datePublished":"2022-03-10T17:45:47+00:00","dateModified":"2022-03-10T17:45:48+00:00","description":"GERENCIAMENTO DE SERVIDORES Central de Dominio -","breadcrumb":{"@id":"https:\/\/www5.centraldedominio.com.br\/new\/gerenciamento-de-servidores\/#breadcrumb"},"inLanguage":"pt-BR","potentialAction":[{"@type":"ReadAction","target":["https:\/\/www5.centraldedominio.com.br\/new\/gerenciamento-de-servidores\/"]}]},{"@type":"BreadcrumbList","@id":"https:\/\/www5.centraldedominio.com.br\/new\/gerenciamento-de-servidores\/#breadcrumb","itemListElement":[{"@type":"ListItem","position":1,"name":"In\u00edcio","item":"https:\/\/www5.centraldedominio.com.br\/new\/"},{"@type":"ListItem","position":2,"name":"GERENCIAMENTO DE SERVIDORES"}]},{"@type":"WebSite","@id":"https:\/\/www5.centraldedominio.com.br\/new\/#website","url":"https:\/\/www5.centraldedominio.com.br\/new\/","name":"Central de Dominio","description":"Hospedagem de Sites, Cloud Computing, Registro de Dominios, E-mail Profissional","publisher":{"@id":"https:\/\/www5.centraldedominio.com.br\/new\/#organization"},"potentialAction":[{"@type":"SearchAction","target":{"@type":"EntryPoint","urlTemplate":"https:\/\/www5.centraldedominio.com.br\/new\/?s={search_term_string}"},"query-input":{"@type":"PropertyValueSpecification","valueRequired":true,"valueName":"search_term_string"}}],"inLanguage":"pt-BR"},{"@type":"Organization","@id":"https:\/\/www5.centraldedominio.com.br\/new\/#organization","name":"Central de Dominio","url":"https:\/\/www5.centraldedominio.com.br\/new\/","logo":{"@type":"ImageObject","inLanguage":"pt-BR","@id":"https:\/\/www5.centraldedominio.com.br\/new\/#\/schema\/logo\/image\/","url":"http:\/\/www5.centraldedominio.com.br\/new\/wp-content\/uploads\/2022\/03\/logo_central.gif","contentUrl":"http:\/\/www5.centraldedominio.com.br\/new\/wp-content\/uploads\/2022\/03\/logo_central.gif","width":212,"height":79,"caption":"Central de Dominio"},"image":{"@id":"https:\/\/www5.centraldedominio.com.br\/new\/#\/schema\/logo\/image\/"}}]}},"jetpack_sharing_enabled":true,"_links":{"self":[{"href":"https:\/\/www5.centraldedominio.com.br\/new\/wp-json\/wp\/v2\/pages\/160","targetHints":{"allow":["GET"]}}],"collection":[{"href":"https:\/\/www5.centraldedominio.com.br\/new\/wp-json\/wp\/v2\/pages"}],"about":[{"href":"https:\/\/www5.centraldedominio.com.br\/new\/wp-json\/wp\/v2\/types\/page"}],"author":[{"embeddable":true,"href":"https:\/\/www5.centraldedominio.com.br\/new\/wp-json\/wp\/v2\/users\/1"}],"replies":[{"embeddable":true,"href":"https:\/\/www5.centraldedominio.com.br\/new\/wp-json\/wp\/v2\/comments?post=160"}],"version-history":[{"count":1,"href":"https:\/\/www5.centraldedominio.com.br\/new\/wp-json\/wp\/v2\/pages\/160\/revisions"}],"predecessor-version":[{"id":161,"href":"https:\/\/www5.centraldedominio.com.br\/new\/wp-json\/wp\/v2\/pages\/160\/revisions\/161"}],"wp:attachment":[{"href":"https:\/\/www5.centraldedominio.com.br\/new\/wp-json\/wp\/v2\/media?parent=160"}],"curies":[{"name":"wp","href":"https:\/\/api.w.org\/{rel}","templated":true}]}}