{"id":21,"date":"2022-03-09T17:08:13","date_gmt":"2022-03-09T20:08:13","guid":{"rendered":"http:\/\/www5.centraldedominio.com.br\/new\/?page_id=21"},"modified":"2022-03-12T15:21:27","modified_gmt":"2022-03-12T18:21:27","slug":"home-office","status":"publish","type":"page","link":"https:\/\/www5.centraldedominio.com.br\/new\/home-office\/","title":{"rendered":"Home Office"},"content":{"rendered":"\n<p>O home office \u00e9 o trabalho remoto,&nbsp;inegavelmente&nbsp;uma realidade para cada vez mais profissionais de todas as \u00e1reas em todo o mundo. \u00c9 uma oportunidade para voc\u00ea cumprir suas tarefas com maior conforto e autonomia em sua casa e uma vantagem para a empresa que deseja efici\u00eancia e redu\u00e7\u00e3o de custos.<\/p>\n\n\n\n<p><strong>SUA EMPRESA PRECISA DE AJUDA COM FERRAMENTAS PARA HOME OFFICE ?<\/strong><\/p>\n\n\n\n<p>Conhe\u00e7a os servi\u00e7os da&nbsp;<a href=\"http:\/\/www5.centraldedominio.com.br\/new\/contato\/\">CENTRAL DE DOMINIO<\/a>&nbsp;e permita que os colaboradores da sua empresa trabalhem de qualquer lugar (home office) sem abrir m\u00e3o da seguran\u00e7a e privacidade da sua rede<\/p>\n\n\n\n<p>Trabalho remoto, tele-confer\u00eancias e jornadas mais curtas eram, at\u00e9 a semana passada, parte de uma cultura corporativa espec\u00edfica de nichos como startups e algumas empresas de tecnologia.&nbsp;<\/p>\n\n\n\n<p>Mas, com o aumento dos casos de&nbsp;<a href=\"http:\/\/www5.centraldedominio.com.br\/new\/contato\/\">coronav\u00edrus<\/a>&nbsp;no pa\u00eds, o modelo de trabalho antes visto como do futuro precisou ser adotado at\u00e9 pelas empresas mais tradicionais, para evitar que seus funcion\u00e1rios sa\u00edssem de casa.&nbsp;<\/p>\n\n\n\n<p>Para especialistas, quando a crise de sa\u00fade p\u00fablica passar, \u00e9 poss\u00edvel que haja uma nova cultura laboral no pa\u00eds, muito mais digitalizada.<\/p>\n\n\n\n<p>Portanto, veja abaixo 7 coisas que tamb\u00e9m podemos implantar facilmente no seu escrit\u00f3rio:<\/p>\n\n\n\n<ul class=\"wp-block-list\"><li>Servidor na nuvem ( cloud )<\/li><li>Acesso ao seu servidor interno via internet<\/li><li>E-mail na nuvem<\/li><li><a href=\"http:\/\/www5.centraldedominio.com.br\/new\/contato\/\">Backup<\/a>&nbsp;autom\u00e1tico na nuvem<\/li><li>Compartilhamento de arquivos na nuvem<\/li><li>VPN \u2013 Virtual Private Network (Rede Virtual Privada)<\/li><li>Seguran\u00e7a contra&nbsp;<a href=\"http:\/\/www5.centraldedominio.com.br\/new\/contato\/\">malwares<\/a>&nbsp;(inclusive contra&nbsp;<a href=\"https:\/\/llevon.com.br\/ransomware-proteja-se-dele\/\" target=\"_blank\" rel=\"noreferrer noopener\">ran<\/a><a href=\"http:\/\/www5.centraldedominio.com.br\/new\/contato\/\">somware<\/a>)<\/li><\/ul>\n\n\n\n<p>&nbsp;Muitas empresas est\u00e3o pedindo aos funcion\u00e1rios que trabalhem remotamente, ou seja,&nbsp;<em>home office<\/em>.&nbsp;Mas como manter a produtividade e o contato com a equipe, mesmo de casa ? <\/p>\n\n\n\n<p>As empresas entenderam a import\u00e2ncia de uma das tend\u00eancias que mais avan\u00e7am no mercado de trabalho:&nbsp; &nbsp; o trabalho home office.&nbsp;O trabalho remoto possibilita&nbsp;dessa forma,&nbsp;que diversas dificuldades enfrentadas pelos colaboradores, sejam extintas, tais como: dificuldade de chegar ao trabalho seja causa do tr\u00e2nsito, fatores sazonais que interferem no deslocamento como \u00e9 o caso das fortes chuvas e enchentes, al\u00e9m dos surtos de doen\u00e7as em que a recomenda\u00e7\u00e3o \u00e9 evitar locais com muitas pessoas..&nbsp;<\/p>\n\n\n\n<p>Mesmo com esse cen\u00e1rio, diversas empresas ainda n\u00e3o est\u00e3o seguras em implementar o home office, que n\u00e3o s\u00f3 demanda al\u00e9m de muita disciplina dos colaboradores, como tamb\u00e9m uma boa estrutura de aplica\u00e7\u00f5es.<\/p>\n\n\n\n<p>Enfim, \u00e9 a\u00ed que entra a\u00a0CENTRAL DE DOMINIO, com solu\u00e7\u00f5es fant\u00e1sticas, simples e acess\u00edveis.<\/p>\n\n\n\n<div class=\"wp-block-contact-form-7-contact-form-selector\">\n<div class=\"wpcf7 no-js\" id=\"wpcf7-f19-o1\" lang=\"pt-BR\" dir=\"ltr\" data-wpcf7-id=\"19\">\n<div class=\"screen-reader-response\"><p role=\"status\" aria-live=\"polite\" aria-atomic=\"true\"><\/p> <ul><\/ul><\/div>\n<form action=\"\/new\/wp-json\/wp\/v2\/pages\/21#wpcf7-f19-o1\" method=\"post\" class=\"wpcf7-form init\" aria-label=\"Formul\u00e1rios de contato\" novalidate=\"novalidate\" data-status=\"init\">\n<fieldset class=\"hidden-fields-container\"><input type=\"hidden\" name=\"_wpcf7\" value=\"19\" \/><input type=\"hidden\" name=\"_wpcf7_version\" value=\"6.1.5\" \/><input type=\"hidden\" name=\"_wpcf7_locale\" value=\"pt_BR\" \/><input type=\"hidden\" name=\"_wpcf7_unit_tag\" value=\"wpcf7-f19-o1\" \/><input type=\"hidden\" name=\"_wpcf7_container_post\" value=\"0\" \/><input type=\"hidden\" name=\"_wpcf7_posted_data_hash\" value=\"\" \/><input type=\"hidden\" name=\"_wpcf7_recaptcha_response\" value=\"\" \/>\n<\/fieldset>\n<p>Entre em Contato.<br \/>\n<label> Seu nome<br \/>\n<span class=\"wpcf7-form-control-wrap\" data-name=\"your-name\"><input size=\"40\" maxlength=\"400\" class=\"wpcf7-form-control wpcf7-text wpcf7-validates-as-required\" aria-required=\"true\" aria-invalid=\"false\" value=\"\" type=\"text\" name=\"your-name\" \/><\/span> <\/label>\n<\/p>\n<p><label> Seu e-mail<br \/>\n<span class=\"wpcf7-form-control-wrap\" data-name=\"your-email\"><input size=\"40\" maxlength=\"400\" class=\"wpcf7-form-control wpcf7-email wpcf7-validates-as-required wpcf7-text wpcf7-validates-as-email\" aria-required=\"true\" aria-invalid=\"false\" value=\"\" type=\"email\" name=\"your-email\" \/><\/span> <\/label>\n<\/p>\n<p><label> Assunto<br \/>\n<span class=\"wpcf7-form-control-wrap\" data-name=\"your-subject\"><input size=\"40\" maxlength=\"400\" class=\"wpcf7-form-control wpcf7-text wpcf7-validates-as-required\" aria-required=\"true\" aria-invalid=\"false\" value=\"\" type=\"text\" name=\"your-subject\" \/><\/span> <\/label>\n<\/p>\n<p><label> Sua mensagem (opcional)<br \/>\n<span class=\"wpcf7-form-control-wrap\" data-name=\"your-message\"><textarea cols=\"40\" rows=\"10\" maxlength=\"2000\" class=\"wpcf7-form-control wpcf7-textarea\" aria-invalid=\"false\" name=\"your-message\"><\/textarea><\/span> <\/label>\n<\/p>\n<p><input class=\"wpcf7-form-control wpcf7-submit has-spinner\" type=\"submit\" value=\"Enviar\" \/>\n<\/p><div class=\"wpcf7-response-output\" aria-hidden=\"true\"><\/div>\n<\/form>\n<\/div>\n<\/div>\n\n\n\n<p><\/p>\n","protected":false},"excerpt":{"rendered":"<p>O home office \u00e9 o trabalho remoto,&nbsp;inegavelmente&nbsp;uma realidade para cada vez mais profissionais de todas as \u00e1reas em todo o &hellip; <a href=\"https:\/\/www5.centraldedominio.com.br\/new\/home-office\/\" class=\"more-link\">Continue reading <span class=\"screen-reader-text\">Home Office<\/span><\/a><\/p>\n","protected":false},"author":1,"featured_media":0,"parent":0,"menu_order":0,"comment_status":"closed","ping_status":"closed","template":"page-templates\/full-width.php","meta":{"footnotes":""},"class_list":["post-21","page","type-page","status-publish","hentry"],"yoast_head":"<!-- This site is optimized with the Yoast SEO plugin v27.5 - https:\/\/yoast.com\/product\/yoast-seo-wordpress\/ -->\n<title>Home Office - Central de Dominio %<\/title>\n<meta name=\"description\" content=\"Home Office Central de Dominio -\" \/>\n<meta name=\"robots\" content=\"index, follow, max-snippet:-1, max-image-preview:large, max-video-preview:-1\" \/>\n<link rel=\"canonical\" href=\"https:\/\/www5.centraldedominio.com.br\/new\/home-office\/\" \/>\n<meta property=\"og:locale\" content=\"pt_BR\" \/>\n<meta property=\"og:type\" content=\"article\" \/>\n<meta property=\"og:title\" content=\"Home Office - Central de Dominio %\" \/>\n<meta property=\"og:description\" content=\"Home Office Central de Dominio -\" \/>\n<meta property=\"og:url\" content=\"https:\/\/www5.centraldedominio.com.br\/new\/home-office\/\" \/>\n<meta property=\"og:site_name\" content=\"Central de Dominio\" \/>\n<meta property=\"article:modified_time\" content=\"2022-03-12T18:21:27+00:00\" \/>\n<meta name=\"twitter:card\" content=\"summary_large_image\" \/>\n<meta name=\"twitter:label1\" content=\"Est. tempo de leitura\" \/>\n\t<meta name=\"twitter:data1\" content=\"3 minutos\" \/>\n<script type=\"application\/ld+json\" class=\"yoast-schema-graph\">{\"@context\":\"https:\\\/\\\/schema.org\",\"@graph\":[{\"@type\":\"WebPage\",\"@id\":\"https:\\\/\\\/www5.centraldedominio.com.br\\\/new\\\/home-office\\\/\",\"url\":\"https:\\\/\\\/www5.centraldedominio.com.br\\\/new\\\/home-office\\\/\",\"name\":\"Home Office - Central de Dominio %\",\"isPartOf\":{\"@id\":\"https:\\\/\\\/www5.centraldedominio.com.br\\\/new\\\/#website\"},\"datePublished\":\"2022-03-09T20:08:13+00:00\",\"dateModified\":\"2022-03-12T18:21:27+00:00\",\"description\":\"Home Office Central de Dominio -\",\"breadcrumb\":{\"@id\":\"https:\\\/\\\/www5.centraldedominio.com.br\\\/new\\\/home-office\\\/#breadcrumb\"},\"inLanguage\":\"pt-BR\",\"potentialAction\":[{\"@type\":\"ReadAction\",\"target\":[\"https:\\\/\\\/www5.centraldedominio.com.br\\\/new\\\/home-office\\\/\"]}]},{\"@type\":\"BreadcrumbList\",\"@id\":\"https:\\\/\\\/www5.centraldedominio.com.br\\\/new\\\/home-office\\\/#breadcrumb\",\"itemListElement\":[{\"@type\":\"ListItem\",\"position\":1,\"name\":\"In\u00edcio\",\"item\":\"https:\\\/\\\/www5.centraldedominio.com.br\\\/new\\\/\"},{\"@type\":\"ListItem\",\"position\":2,\"name\":\"Home Office\"}]},{\"@type\":\"WebSite\",\"@id\":\"https:\\\/\\\/www5.centraldedominio.com.br\\\/new\\\/#website\",\"url\":\"https:\\\/\\\/www5.centraldedominio.com.br\\\/new\\\/\",\"name\":\"Central de Dominio\",\"description\":\"Hospedagem de Sites, Cloud Computing, Registro de Dominios, E-mail Profissional\",\"publisher\":{\"@id\":\"https:\\\/\\\/www5.centraldedominio.com.br\\\/new\\\/#organization\"},\"potentialAction\":[{\"@type\":\"SearchAction\",\"target\":{\"@type\":\"EntryPoint\",\"urlTemplate\":\"https:\\\/\\\/www5.centraldedominio.com.br\\\/new\\\/?s={search_term_string}\"},\"query-input\":{\"@type\":\"PropertyValueSpecification\",\"valueRequired\":true,\"valueName\":\"search_term_string\"}}],\"inLanguage\":\"pt-BR\"},{\"@type\":\"Organization\",\"@id\":\"https:\\\/\\\/www5.centraldedominio.com.br\\\/new\\\/#organization\",\"name\":\"Central de Dominio\",\"url\":\"https:\\\/\\\/www5.centraldedominio.com.br\\\/new\\\/\",\"logo\":{\"@type\":\"ImageObject\",\"inLanguage\":\"pt-BR\",\"@id\":\"https:\\\/\\\/www5.centraldedominio.com.br\\\/new\\\/#\\\/schema\\\/logo\\\/image\\\/\",\"url\":\"http:\\\/\\\/www5.centraldedominio.com.br\\\/new\\\/wp-content\\\/uploads\\\/2022\\\/03\\\/logo_central.gif\",\"contentUrl\":\"http:\\\/\\\/www5.centraldedominio.com.br\\\/new\\\/wp-content\\\/uploads\\\/2022\\\/03\\\/logo_central.gif\",\"width\":212,\"height\":79,\"caption\":\"Central de Dominio\"},\"image\":{\"@id\":\"https:\\\/\\\/www5.centraldedominio.com.br\\\/new\\\/#\\\/schema\\\/logo\\\/image\\\/\"}}]}<\/script>\n<!-- \/ Yoast SEO plugin. -->","yoast_head_json":{"title":"Home Office - Central de Dominio %","description":"Home Office Central de Dominio -","robots":{"index":"index","follow":"follow","max-snippet":"max-snippet:-1","max-image-preview":"max-image-preview:large","max-video-preview":"max-video-preview:-1"},"canonical":"https:\/\/www5.centraldedominio.com.br\/new\/home-office\/","og_locale":"pt_BR","og_type":"article","og_title":"Home Office - Central de Dominio %","og_description":"Home Office Central de Dominio -","og_url":"https:\/\/www5.centraldedominio.com.br\/new\/home-office\/","og_site_name":"Central de Dominio","article_modified_time":"2022-03-12T18:21:27+00:00","twitter_card":"summary_large_image","twitter_misc":{"Est. tempo de leitura":"3 minutos"},"schema":{"@context":"https:\/\/schema.org","@graph":[{"@type":"WebPage","@id":"https:\/\/www5.centraldedominio.com.br\/new\/home-office\/","url":"https:\/\/www5.centraldedominio.com.br\/new\/home-office\/","name":"Home Office - Central de Dominio %","isPartOf":{"@id":"https:\/\/www5.centraldedominio.com.br\/new\/#website"},"datePublished":"2022-03-09T20:08:13+00:00","dateModified":"2022-03-12T18:21:27+00:00","description":"Home Office Central de Dominio -","breadcrumb":{"@id":"https:\/\/www5.centraldedominio.com.br\/new\/home-office\/#breadcrumb"},"inLanguage":"pt-BR","potentialAction":[{"@type":"ReadAction","target":["https:\/\/www5.centraldedominio.com.br\/new\/home-office\/"]}]},{"@type":"BreadcrumbList","@id":"https:\/\/www5.centraldedominio.com.br\/new\/home-office\/#breadcrumb","itemListElement":[{"@type":"ListItem","position":1,"name":"In\u00edcio","item":"https:\/\/www5.centraldedominio.com.br\/new\/"},{"@type":"ListItem","position":2,"name":"Home Office"}]},{"@type":"WebSite","@id":"https:\/\/www5.centraldedominio.com.br\/new\/#website","url":"https:\/\/www5.centraldedominio.com.br\/new\/","name":"Central de Dominio","description":"Hospedagem de Sites, Cloud Computing, Registro de Dominios, E-mail Profissional","publisher":{"@id":"https:\/\/www5.centraldedominio.com.br\/new\/#organization"},"potentialAction":[{"@type":"SearchAction","target":{"@type":"EntryPoint","urlTemplate":"https:\/\/www5.centraldedominio.com.br\/new\/?s={search_term_string}"},"query-input":{"@type":"PropertyValueSpecification","valueRequired":true,"valueName":"search_term_string"}}],"inLanguage":"pt-BR"},{"@type":"Organization","@id":"https:\/\/www5.centraldedominio.com.br\/new\/#organization","name":"Central de Dominio","url":"https:\/\/www5.centraldedominio.com.br\/new\/","logo":{"@type":"ImageObject","inLanguage":"pt-BR","@id":"https:\/\/www5.centraldedominio.com.br\/new\/#\/schema\/logo\/image\/","url":"http:\/\/www5.centraldedominio.com.br\/new\/wp-content\/uploads\/2022\/03\/logo_central.gif","contentUrl":"http:\/\/www5.centraldedominio.com.br\/new\/wp-content\/uploads\/2022\/03\/logo_central.gif","width":212,"height":79,"caption":"Central de Dominio"},"image":{"@id":"https:\/\/www5.centraldedominio.com.br\/new\/#\/schema\/logo\/image\/"}}]}},"jetpack_sharing_enabled":true,"_links":{"self":[{"href":"https:\/\/www5.centraldedominio.com.br\/new\/wp-json\/wp\/v2\/pages\/21","targetHints":{"allow":["GET"]}}],"collection":[{"href":"https:\/\/www5.centraldedominio.com.br\/new\/wp-json\/wp\/v2\/pages"}],"about":[{"href":"https:\/\/www5.centraldedominio.com.br\/new\/wp-json\/wp\/v2\/types\/page"}],"author":[{"embeddable":true,"href":"https:\/\/www5.centraldedominio.com.br\/new\/wp-json\/wp\/v2\/users\/1"}],"replies":[{"embeddable":true,"href":"https:\/\/www5.centraldedominio.com.br\/new\/wp-json\/wp\/v2\/comments?post=21"}],"version-history":[{"count":7,"href":"https:\/\/www5.centraldedominio.com.br\/new\/wp-json\/wp\/v2\/pages\/21\/revisions"}],"predecessor-version":[{"id":353,"href":"https:\/\/www5.centraldedominio.com.br\/new\/wp-json\/wp\/v2\/pages\/21\/revisions\/353"}],"wp:attachment":[{"href":"https:\/\/www5.centraldedominio.com.br\/new\/wp-json\/wp\/v2\/media?parent=21"}],"curies":[{"name":"wp","href":"https:\/\/api.w.org\/{rel}","templated":true}]}}