{"id":28,"date":"2022-03-09T17:26:44","date_gmt":"2022-03-09T20:26:44","guid":{"rendered":"http:\/\/www5.centraldedominio.com.br\/new\/?page_id=28"},"modified":"2022-03-09T17:26:45","modified_gmt":"2022-03-09T20:26:45","slug":"help-desk-pequenas-empresas","status":"publish","type":"page","link":"https:\/\/www5.centraldedominio.com.br\/new\/help-desk-pequenas-empresas\/","title":{"rendered":"Help Desk Pequenas Empresas"},"content":{"rendered":"\n<p>Em primeiro lugar, vamos falar porque a\u00a0<strong>CENTRAL DE DOMINIO<\/strong>\u00a0criou o\u00a0Helpdesk Pequenas Empresas, muito simples,\u00a0as pequenas empresas s\u00e3o um dos principais pilares de sustenta\u00e7\u00e3o da economia brasileira,\u00a0afinal,\u00a0quer pela sua enorme capacidade geradora de empregos, quer pelo infind\u00e1vel n\u00famero de estabelecimentos desconcentrados geograficamente.\u00a0<\/p>\n\n\n\n<p>De acordo com pesquisas e opini\u00f5es gerais, as pequenas empresas geram grandes resultados quando o empreendedor foca 100% em seu neg\u00f3cio, de fato fica mais transparente para o gestor tomar decis\u00f5es mais acertadas.<\/p>\n\n\n\n<p>O Helpdesk Pequenas Empresas da\u00a0<strong>CENTRAL DE DOMINIO<\/strong>,\u00a0sobretudo, veio para agregar valor e potencial ao seu neg\u00f3cio.\u00a0Muitas empresas possuem queda de rendimento ou geram trabalhos redobrados quando ocorrem problemas\u00a0n\u00e3o apenas\u00a0no sistema de cadastro de clientes,\u00a0como tamb\u00e9m na\u00a0internet, no computador, indisponibilidade dos dados ou simplesmente por causa de um\u00a0<a href=\"https:\/\/llevon.com.br\/antivirus-protecao-completa-da-sua-rede\/\" target=\"_blank\" rel=\"noreferrer noopener\">v\u00edrus<\/a>\u00a0ou\u00a0<a href=\"https:\/\/llevon.com.br\/ransomware-proteja-se-dele\/\" target=\"_blank\" rel=\"noreferrer noopener\">ransomware<\/a>,\u00a0enfim, sua opera\u00e7\u00e3o fica comprometida at\u00e9 o acionamento da equipe de TI.<\/p>\n\n\n\n<p>Inegavelmente, a\u00a0<a href=\"https:\/\/llevon.com.br\/quem-somos\/\">CENTRAL DE DOMINIO<\/a>\u00a0trabalha focada 100% para garantir a agilidade nos processos de trabalho de seus clientes, independente de qual ramo de mercado seja, com o intuito de garantir a disponibilidade da informa\u00e7\u00e3o e consequentemente sua produtividade.\u00a0<\/p>\n\n\n\n<p>VEJA O QUE A\u00a0CENTRAL DE DOMINIO\u00a0PODE FAZER PARA SUA EMPRESA USUFRUIR DOS BENEF\u00cdCIOS DA TECNOLOGIA:<\/p>\n\n\n\n<ul class=\"wp-block-list\"><li>\u00bb Primeiro de tudo, atendimento 24 horas x 7 dias ou 8 horas x 5 dias<\/li><li>\u00bb\u00a0Manuten\u00e7\u00e3o de computadores<\/li><li>\u00bb Projeto e implanta\u00e7\u00e3o de redes de computadores<\/li><li>\u00bb Seguran\u00e7a de rede<\/li><li>\u00bb Gest\u00e3o de redes corporativas em ambientes pequenos<\/li><li>\u00bb Suporte t\u00e9cnico a usu\u00e1rios,\u00a0no momento em que somos acionados, toda equipe \u00e9 articulada para agilizar o atendimento.<\/li><li>\u00bb Gest\u00e3o de acesso a internet\u00bb Suporte Remoto a usu\u00e1rios<\/li><li>\u00bb Licenciamento de softwares<\/li><li>\u00bb Helpdesk Remoto,\u00a0com efeito de um atendimento mais r\u00e1pido,\u00a0\u00e0s vezes situa\u00e7\u00f5es simples s\u00e3o resolvidas rapidamente<\/li><\/ul>\n\n\n\n<ul class=\"wp-block-list\"><li>\u00bb Grava\u00e7\u00f5es de 100% das liga\u00e7\u00f5es<\/li><li>\u00bb Atendimento T\u00e9cnico N\u00edvel 1, 2 e 3, expertise compartilhada com toda a equipe em todos os n\u00edveis.<\/li><li>\u00bb Base de Conhecimento, dessa forma solu\u00e7\u00f5es s\u00e3o identificadas rapidamente,&nbsp;<\/li><li>\u00bb Profissionais certificados em Linux, Windows, Cisco, VMWare, Citrix<\/li><li>\u00bb Atendimento Imediato via Telefone, Email , Internet ou Chat<\/li><li>\u00bb Gerenciamento de Backup<\/li><li>\u00bb Invent\u00e1rio de Equipamentos e Software<\/li><li>\u00bb Gerenciamento de Seguran\u00e7a<\/li><\/ul>\n\n\n\n<p>POR QUE ESCOLHER O HELPDESK PEQUENAS EMPRESAS\u00a0DA CENTRAL DE DOMINIO.<\/p>\n\n\n\n<p>\u00bb Experi\u00eancia na implementa\u00e7\u00e3o de ambiente de miss\u00e3o cr\u00edtica<br>\u00bb Baixo custo de Helpdesk para Pequenas Empresas<br>\u00bb Implementa\u00e7\u00e3o R\u00e1pida e F\u00e1cil<\/p>\n\n\n\n<p>Contudo, o servi\u00e7o de atendimento personalizado para consultoria em infra-estrutura de TI, reconhece as prioridades com suporte personalizado, custos e tecnologia que melhor se adequam ao tamanho do neg\u00f3cio. Em resumo, a\u00a0<a href=\"https:\/\/llevon.com.br\/quem-somos\/\" target=\"_blank\" rel=\"noreferrer noopener\">CENTRAL DE DOMINIO<\/a>\u00a0oferece consultoria em infraestrutura de TI, com atendimento remoto e local, passando inicialmente por uma triagem para indicar a melhor solu\u00e7\u00e3o para o seu neg\u00f3cio e\u00a0posteriormente com o servi\u00e7o especializado para que sua opera\u00e7\u00e3o n\u00e3o pare.<\/p>\n","protected":false},"excerpt":{"rendered":"<p>Em primeiro lugar, vamos falar porque a\u00a0CENTRAL DE DOMINIO\u00a0criou o\u00a0Helpdesk Pequenas Empresas, muito simples,\u00a0as pequenas empresas s\u00e3o um dos principais &hellip; <a href=\"https:\/\/www5.centraldedominio.com.br\/new\/help-desk-pequenas-empresas\/\" class=\"more-link\">Continue reading <span class=\"screen-reader-text\">Help Desk Pequenas Empresas<\/span><\/a><\/p>\n","protected":false},"author":1,"featured_media":0,"parent":0,"menu_order":0,"comment_status":"closed","ping_status":"closed","template":"","meta":{"footnotes":""},"class_list":["post-28","page","type-page","status-publish","hentry"],"yoast_head":"<!-- This site is optimized with the Yoast SEO plugin v27.5 - https:\/\/yoast.com\/product\/yoast-seo-wordpress\/ -->\n<title>Help Desk Pequenas Empresas - Central de Dominio %<\/title>\n<meta name=\"description\" content=\"Help Desk Pequenas Empresas Central de Dominio -\" \/>\n<meta name=\"robots\" content=\"index, follow, max-snippet:-1, max-image-preview:large, max-video-preview:-1\" \/>\n<link rel=\"canonical\" href=\"https:\/\/www5.centraldedominio.com.br\/new\/help-desk-pequenas-empresas\/\" \/>\n<meta property=\"og:locale\" content=\"pt_BR\" \/>\n<meta property=\"og:type\" content=\"article\" \/>\n<meta property=\"og:title\" content=\"Help Desk Pequenas Empresas - Central de Dominio %\" \/>\n<meta property=\"og:description\" content=\"Help Desk Pequenas Empresas Central de Dominio -\" \/>\n<meta property=\"og:url\" content=\"https:\/\/www5.centraldedominio.com.br\/new\/help-desk-pequenas-empresas\/\" \/>\n<meta property=\"og:site_name\" content=\"Central de Dominio\" \/>\n<meta property=\"article:modified_time\" content=\"2022-03-09T20:26:45+00:00\" \/>\n<meta name=\"twitter:card\" content=\"summary_large_image\" \/>\n<meta name=\"twitter:label1\" content=\"Est. tempo de leitura\" \/>\n\t<meta name=\"twitter:data1\" content=\"3 minutos\" \/>\n<script type=\"application\/ld+json\" class=\"yoast-schema-graph\">{\"@context\":\"https:\\\/\\\/schema.org\",\"@graph\":[{\"@type\":\"WebPage\",\"@id\":\"https:\\\/\\\/www5.centraldedominio.com.br\\\/new\\\/help-desk-pequenas-empresas\\\/\",\"url\":\"https:\\\/\\\/www5.centraldedominio.com.br\\\/new\\\/help-desk-pequenas-empresas\\\/\",\"name\":\"Help Desk Pequenas Empresas - Central de Dominio %\",\"isPartOf\":{\"@id\":\"https:\\\/\\\/www5.centraldedominio.com.br\\\/new\\\/#website\"},\"datePublished\":\"2022-03-09T20:26:44+00:00\",\"dateModified\":\"2022-03-09T20:26:45+00:00\",\"description\":\"Help Desk Pequenas Empresas Central de Dominio -\",\"breadcrumb\":{\"@id\":\"https:\\\/\\\/www5.centraldedominio.com.br\\\/new\\\/help-desk-pequenas-empresas\\\/#breadcrumb\"},\"inLanguage\":\"pt-BR\",\"potentialAction\":[{\"@type\":\"ReadAction\",\"target\":[\"https:\\\/\\\/www5.centraldedominio.com.br\\\/new\\\/help-desk-pequenas-empresas\\\/\"]}]},{\"@type\":\"BreadcrumbList\",\"@id\":\"https:\\\/\\\/www5.centraldedominio.com.br\\\/new\\\/help-desk-pequenas-empresas\\\/#breadcrumb\",\"itemListElement\":[{\"@type\":\"ListItem\",\"position\":1,\"name\":\"In\u00edcio\",\"item\":\"https:\\\/\\\/www5.centraldedominio.com.br\\\/new\\\/\"},{\"@type\":\"ListItem\",\"position\":2,\"name\":\"Help Desk Pequenas Empresas\"}]},{\"@type\":\"WebSite\",\"@id\":\"https:\\\/\\\/www5.centraldedominio.com.br\\\/new\\\/#website\",\"url\":\"https:\\\/\\\/www5.centraldedominio.com.br\\\/new\\\/\",\"name\":\"Central de Dominio\",\"description\":\"Hospedagem de Sites, Cloud Computing, Registro de Dominios, E-mail Profissional\",\"publisher\":{\"@id\":\"https:\\\/\\\/www5.centraldedominio.com.br\\\/new\\\/#organization\"},\"potentialAction\":[{\"@type\":\"SearchAction\",\"target\":{\"@type\":\"EntryPoint\",\"urlTemplate\":\"https:\\\/\\\/www5.centraldedominio.com.br\\\/new\\\/?s={search_term_string}\"},\"query-input\":{\"@type\":\"PropertyValueSpecification\",\"valueRequired\":true,\"valueName\":\"search_term_string\"}}],\"inLanguage\":\"pt-BR\"},{\"@type\":\"Organization\",\"@id\":\"https:\\\/\\\/www5.centraldedominio.com.br\\\/new\\\/#organization\",\"name\":\"Central de Dominio\",\"url\":\"https:\\\/\\\/www5.centraldedominio.com.br\\\/new\\\/\",\"logo\":{\"@type\":\"ImageObject\",\"inLanguage\":\"pt-BR\",\"@id\":\"https:\\\/\\\/www5.centraldedominio.com.br\\\/new\\\/#\\\/schema\\\/logo\\\/image\\\/\",\"url\":\"http:\\\/\\\/www5.centraldedominio.com.br\\\/new\\\/wp-content\\\/uploads\\\/2022\\\/03\\\/logo_central.gif\",\"contentUrl\":\"http:\\\/\\\/www5.centraldedominio.com.br\\\/new\\\/wp-content\\\/uploads\\\/2022\\\/03\\\/logo_central.gif\",\"width\":212,\"height\":79,\"caption\":\"Central de Dominio\"},\"image\":{\"@id\":\"https:\\\/\\\/www5.centraldedominio.com.br\\\/new\\\/#\\\/schema\\\/logo\\\/image\\\/\"}}]}<\/script>\n<!-- \/ Yoast SEO plugin. -->","yoast_head_json":{"title":"Help Desk Pequenas Empresas - Central de Dominio %","description":"Help Desk Pequenas Empresas Central de Dominio -","robots":{"index":"index","follow":"follow","max-snippet":"max-snippet:-1","max-image-preview":"max-image-preview:large","max-video-preview":"max-video-preview:-1"},"canonical":"https:\/\/www5.centraldedominio.com.br\/new\/help-desk-pequenas-empresas\/","og_locale":"pt_BR","og_type":"article","og_title":"Help Desk Pequenas Empresas - Central de Dominio %","og_description":"Help Desk Pequenas Empresas Central de Dominio -","og_url":"https:\/\/www5.centraldedominio.com.br\/new\/help-desk-pequenas-empresas\/","og_site_name":"Central de Dominio","article_modified_time":"2022-03-09T20:26:45+00:00","twitter_card":"summary_large_image","twitter_misc":{"Est. tempo de leitura":"3 minutos"},"schema":{"@context":"https:\/\/schema.org","@graph":[{"@type":"WebPage","@id":"https:\/\/www5.centraldedominio.com.br\/new\/help-desk-pequenas-empresas\/","url":"https:\/\/www5.centraldedominio.com.br\/new\/help-desk-pequenas-empresas\/","name":"Help Desk Pequenas Empresas - Central de Dominio %","isPartOf":{"@id":"https:\/\/www5.centraldedominio.com.br\/new\/#website"},"datePublished":"2022-03-09T20:26:44+00:00","dateModified":"2022-03-09T20:26:45+00:00","description":"Help Desk Pequenas Empresas Central de Dominio -","breadcrumb":{"@id":"https:\/\/www5.centraldedominio.com.br\/new\/help-desk-pequenas-empresas\/#breadcrumb"},"inLanguage":"pt-BR","potentialAction":[{"@type":"ReadAction","target":["https:\/\/www5.centraldedominio.com.br\/new\/help-desk-pequenas-empresas\/"]}]},{"@type":"BreadcrumbList","@id":"https:\/\/www5.centraldedominio.com.br\/new\/help-desk-pequenas-empresas\/#breadcrumb","itemListElement":[{"@type":"ListItem","position":1,"name":"In\u00edcio","item":"https:\/\/www5.centraldedominio.com.br\/new\/"},{"@type":"ListItem","position":2,"name":"Help Desk Pequenas Empresas"}]},{"@type":"WebSite","@id":"https:\/\/www5.centraldedominio.com.br\/new\/#website","url":"https:\/\/www5.centraldedominio.com.br\/new\/","name":"Central de Dominio","description":"Hospedagem de Sites, Cloud Computing, Registro de Dominios, E-mail Profissional","publisher":{"@id":"https:\/\/www5.centraldedominio.com.br\/new\/#organization"},"potentialAction":[{"@type":"SearchAction","target":{"@type":"EntryPoint","urlTemplate":"https:\/\/www5.centraldedominio.com.br\/new\/?s={search_term_string}"},"query-input":{"@type":"PropertyValueSpecification","valueRequired":true,"valueName":"search_term_string"}}],"inLanguage":"pt-BR"},{"@type":"Organization","@id":"https:\/\/www5.centraldedominio.com.br\/new\/#organization","name":"Central de Dominio","url":"https:\/\/www5.centraldedominio.com.br\/new\/","logo":{"@type":"ImageObject","inLanguage":"pt-BR","@id":"https:\/\/www5.centraldedominio.com.br\/new\/#\/schema\/logo\/image\/","url":"http:\/\/www5.centraldedominio.com.br\/new\/wp-content\/uploads\/2022\/03\/logo_central.gif","contentUrl":"http:\/\/www5.centraldedominio.com.br\/new\/wp-content\/uploads\/2022\/03\/logo_central.gif","width":212,"height":79,"caption":"Central de Dominio"},"image":{"@id":"https:\/\/www5.centraldedominio.com.br\/new\/#\/schema\/logo\/image\/"}}]}},"jetpack_sharing_enabled":true,"_links":{"self":[{"href":"https:\/\/www5.centraldedominio.com.br\/new\/wp-json\/wp\/v2\/pages\/28","targetHints":{"allow":["GET"]}}],"collection":[{"href":"https:\/\/www5.centraldedominio.com.br\/new\/wp-json\/wp\/v2\/pages"}],"about":[{"href":"https:\/\/www5.centraldedominio.com.br\/new\/wp-json\/wp\/v2\/types\/page"}],"author":[{"embeddable":true,"href":"https:\/\/www5.centraldedominio.com.br\/new\/wp-json\/wp\/v2\/users\/1"}],"replies":[{"embeddable":true,"href":"https:\/\/www5.centraldedominio.com.br\/new\/wp-json\/wp\/v2\/comments?post=28"}],"version-history":[{"count":1,"href":"https:\/\/www5.centraldedominio.com.br\/new\/wp-json\/wp\/v2\/pages\/28\/revisions"}],"predecessor-version":[{"id":29,"href":"https:\/\/www5.centraldedominio.com.br\/new\/wp-json\/wp\/v2\/pages\/28\/revisions\/29"}],"wp:attachment":[{"href":"https:\/\/www5.centraldedominio.com.br\/new\/wp-json\/wp\/v2\/media?parent=28"}],"curies":[{"name":"wp","href":"https:\/\/api.w.org\/{rel}","templated":true}]}}