{"id":374,"date":"2022-06-24T06:14:59","date_gmt":"2022-06-24T09:14:59","guid":{"rendered":"http:\/\/www5.centraldedominio.com.br\/new\/?page_id=374"},"modified":"2022-06-24T06:15:01","modified_gmt":"2022-06-24T09:15:01","slug":"gestao-de-midias-sociais","status":"publish","type":"page","link":"https:\/\/www5.centraldedominio.com.br\/new\/gestao-de-midias-sociais\/","title":{"rendered":"Gest\u00e3o de M\u00eddias Sociais"},"content":{"rendered":"\n<p>O gerenciamento de redes sociais envolve diversas etapas e \u00e9 muito mais do que simplesmente fazer publica\u00e7\u00f5es<\/p>\n\n\n\n<p>Com o amadurecimento no mercado digital, as m\u00eddias sociais se tornaram uma das melhores maneiras para empresas se comunicarem, interagirem e compartilharem informa\u00e7\u00f5es com seus clientes. A Central de Dom\u00ednio personaliza e cria conte\u00fados de qualidade adequado a cada perfil de empresa e p\u00fablico com foco em estrat\u00e9gias para atrair e fidelizar novos clientes, AL\u00c9M DE FORTALECER A MARCA.<\/p>\n\n\n\n<h4 class=\"wp-block-heading\">Marketing de conte\u00fado<\/h4>\n\n\n\n<p>Muito al\u00e9m da cria\u00e7\u00e3o de imagens, criamos conte\u00fado de qualidade!<\/p>\n\n\n\n<h4 class=\"wp-block-heading\">Estrat\u00e9gias para aumentar o engajamento<\/h4>\n\n\n\n<p>Tra\u00e7amos estrat\u00e9gias para aumentar o engajamento do seu perfil e captar clientes em potencial.<\/p>\n\n\n\n<p>Qualquer duvida entre em <a href=\"http:\/\/www5.centraldedominio.com.br\/new\/contato\/\">contato<\/a><\/p>\n","protected":false},"excerpt":{"rendered":"<p>O gerenciamento de redes sociais envolve diversas etapas e \u00e9 muito mais do que simplesmente fazer publica\u00e7\u00f5es Com o amadurecimento &hellip; <a href=\"https:\/\/www5.centraldedominio.com.br\/new\/gestao-de-midias-sociais\/\" class=\"more-link\">Continue reading <span class=\"screen-reader-text\">Gest\u00e3o de M\u00eddias Sociais<\/span><\/a><\/p>\n","protected":false},"author":1,"featured_media":0,"parent":0,"menu_order":0,"comment_status":"closed","ping_status":"closed","template":"","meta":{"footnotes":""},"class_list":["post-374","page","type-page","status-publish","hentry"],"yoast_head":"<!-- This site is optimized with the Yoast SEO plugin v27.5 - https:\/\/yoast.com\/product\/yoast-seo-wordpress\/ -->\n<title>Gest\u00e3o de M\u00eddias Sociais - Central de Dominio %<\/title>\n<meta name=\"description\" content=\"Gest\u00e3o de M\u00eddias Sociais Central de Dominio -\" \/>\n<meta name=\"robots\" content=\"index, follow, max-snippet:-1, max-image-preview:large, max-video-preview:-1\" \/>\n<link rel=\"canonical\" href=\"https:\/\/www5.centraldedominio.com.br\/new\/gestao-de-midias-sociais\/\" \/>\n<meta property=\"og:locale\" content=\"pt_BR\" \/>\n<meta property=\"og:type\" content=\"article\" \/>\n<meta property=\"og:title\" content=\"Gest\u00e3o de M\u00eddias Sociais - Central de Dominio %\" \/>\n<meta property=\"og:description\" content=\"Gest\u00e3o de M\u00eddias Sociais Central de Dominio -\" \/>\n<meta property=\"og:url\" content=\"https:\/\/www5.centraldedominio.com.br\/new\/gestao-de-midias-sociais\/\" \/>\n<meta property=\"og:site_name\" content=\"Central de Dominio\" \/>\n<meta property=\"article:modified_time\" content=\"2022-06-24T09:15:01+00:00\" \/>\n<meta name=\"twitter:card\" content=\"summary_large_image\" \/>\n<meta name=\"twitter:label1\" content=\"Est. tempo de leitura\" \/>\n\t<meta name=\"twitter:data1\" content=\"1 minuto\" \/>\n<script type=\"application\/ld+json\" class=\"yoast-schema-graph\">{\"@context\":\"https:\\\/\\\/schema.org\",\"@graph\":[{\"@type\":\"WebPage\",\"@id\":\"https:\\\/\\\/www5.centraldedominio.com.br\\\/new\\\/gestao-de-midias-sociais\\\/\",\"url\":\"https:\\\/\\\/www5.centraldedominio.com.br\\\/new\\\/gestao-de-midias-sociais\\\/\",\"name\":\"Gest\u00e3o de M\u00eddias Sociais - Central de Dominio %\",\"isPartOf\":{\"@id\":\"https:\\\/\\\/www5.centraldedominio.com.br\\\/new\\\/#website\"},\"datePublished\":\"2022-06-24T09:14:59+00:00\",\"dateModified\":\"2022-06-24T09:15:01+00:00\",\"description\":\"Gest\u00e3o de M\u00eddias Sociais Central de Dominio -\",\"breadcrumb\":{\"@id\":\"https:\\\/\\\/www5.centraldedominio.com.br\\\/new\\\/gestao-de-midias-sociais\\\/#breadcrumb\"},\"inLanguage\":\"pt-BR\",\"potentialAction\":[{\"@type\":\"ReadAction\",\"target\":[\"https:\\\/\\\/www5.centraldedominio.com.br\\\/new\\\/gestao-de-midias-sociais\\\/\"]}]},{\"@type\":\"BreadcrumbList\",\"@id\":\"https:\\\/\\\/www5.centraldedominio.com.br\\\/new\\\/gestao-de-midias-sociais\\\/#breadcrumb\",\"itemListElement\":[{\"@type\":\"ListItem\",\"position\":1,\"name\":\"In\u00edcio\",\"item\":\"https:\\\/\\\/www5.centraldedominio.com.br\\\/new\\\/\"},{\"@type\":\"ListItem\",\"position\":2,\"name\":\"Gest\u00e3o de M\u00eddias Sociais\"}]},{\"@type\":\"WebSite\",\"@id\":\"https:\\\/\\\/www5.centraldedominio.com.br\\\/new\\\/#website\",\"url\":\"https:\\\/\\\/www5.centraldedominio.com.br\\\/new\\\/\",\"name\":\"Central de Dominio\",\"description\":\"Hospedagem de Sites, Cloud Computing, Registro de Dominios, E-mail Profissional\",\"publisher\":{\"@id\":\"https:\\\/\\\/www5.centraldedominio.com.br\\\/new\\\/#organization\"},\"potentialAction\":[{\"@type\":\"SearchAction\",\"target\":{\"@type\":\"EntryPoint\",\"urlTemplate\":\"https:\\\/\\\/www5.centraldedominio.com.br\\\/new\\\/?s={search_term_string}\"},\"query-input\":{\"@type\":\"PropertyValueSpecification\",\"valueRequired\":true,\"valueName\":\"search_term_string\"}}],\"inLanguage\":\"pt-BR\"},{\"@type\":\"Organization\",\"@id\":\"https:\\\/\\\/www5.centraldedominio.com.br\\\/new\\\/#organization\",\"name\":\"Central de Dominio\",\"url\":\"https:\\\/\\\/www5.centraldedominio.com.br\\\/new\\\/\",\"logo\":{\"@type\":\"ImageObject\",\"inLanguage\":\"pt-BR\",\"@id\":\"https:\\\/\\\/www5.centraldedominio.com.br\\\/new\\\/#\\\/schema\\\/logo\\\/image\\\/\",\"url\":\"http:\\\/\\\/www5.centraldedominio.com.br\\\/new\\\/wp-content\\\/uploads\\\/2022\\\/03\\\/logo_central.gif\",\"contentUrl\":\"http:\\\/\\\/www5.centraldedominio.com.br\\\/new\\\/wp-content\\\/uploads\\\/2022\\\/03\\\/logo_central.gif\",\"width\":212,\"height\":79,\"caption\":\"Central de Dominio\"},\"image\":{\"@id\":\"https:\\\/\\\/www5.centraldedominio.com.br\\\/new\\\/#\\\/schema\\\/logo\\\/image\\\/\"}}]}<\/script>\n<!-- \/ Yoast SEO plugin. -->","yoast_head_json":{"title":"Gest\u00e3o de M\u00eddias Sociais - Central de Dominio %","description":"Gest\u00e3o de M\u00eddias Sociais Central de Dominio -","robots":{"index":"index","follow":"follow","max-snippet":"max-snippet:-1","max-image-preview":"max-image-preview:large","max-video-preview":"max-video-preview:-1"},"canonical":"https:\/\/www5.centraldedominio.com.br\/new\/gestao-de-midias-sociais\/","og_locale":"pt_BR","og_type":"article","og_title":"Gest\u00e3o de M\u00eddias Sociais - Central de Dominio %","og_description":"Gest\u00e3o de M\u00eddias Sociais Central de Dominio -","og_url":"https:\/\/www5.centraldedominio.com.br\/new\/gestao-de-midias-sociais\/","og_site_name":"Central de Dominio","article_modified_time":"2022-06-24T09:15:01+00:00","twitter_card":"summary_large_image","twitter_misc":{"Est. tempo de leitura":"1 minuto"},"schema":{"@context":"https:\/\/schema.org","@graph":[{"@type":"WebPage","@id":"https:\/\/www5.centraldedominio.com.br\/new\/gestao-de-midias-sociais\/","url":"https:\/\/www5.centraldedominio.com.br\/new\/gestao-de-midias-sociais\/","name":"Gest\u00e3o de M\u00eddias Sociais - Central de Dominio %","isPartOf":{"@id":"https:\/\/www5.centraldedominio.com.br\/new\/#website"},"datePublished":"2022-06-24T09:14:59+00:00","dateModified":"2022-06-24T09:15:01+00:00","description":"Gest\u00e3o de M\u00eddias Sociais Central de Dominio -","breadcrumb":{"@id":"https:\/\/www5.centraldedominio.com.br\/new\/gestao-de-midias-sociais\/#breadcrumb"},"inLanguage":"pt-BR","potentialAction":[{"@type":"ReadAction","target":["https:\/\/www5.centraldedominio.com.br\/new\/gestao-de-midias-sociais\/"]}]},{"@type":"BreadcrumbList","@id":"https:\/\/www5.centraldedominio.com.br\/new\/gestao-de-midias-sociais\/#breadcrumb","itemListElement":[{"@type":"ListItem","position":1,"name":"In\u00edcio","item":"https:\/\/www5.centraldedominio.com.br\/new\/"},{"@type":"ListItem","position":2,"name":"Gest\u00e3o de M\u00eddias Sociais"}]},{"@type":"WebSite","@id":"https:\/\/www5.centraldedominio.com.br\/new\/#website","url":"https:\/\/www5.centraldedominio.com.br\/new\/","name":"Central de Dominio","description":"Hospedagem de Sites, Cloud Computing, Registro de Dominios, E-mail Profissional","publisher":{"@id":"https:\/\/www5.centraldedominio.com.br\/new\/#organization"},"potentialAction":[{"@type":"SearchAction","target":{"@type":"EntryPoint","urlTemplate":"https:\/\/www5.centraldedominio.com.br\/new\/?s={search_term_string}"},"query-input":{"@type":"PropertyValueSpecification","valueRequired":true,"valueName":"search_term_string"}}],"inLanguage":"pt-BR"},{"@type":"Organization","@id":"https:\/\/www5.centraldedominio.com.br\/new\/#organization","name":"Central de Dominio","url":"https:\/\/www5.centraldedominio.com.br\/new\/","logo":{"@type":"ImageObject","inLanguage":"pt-BR","@id":"https:\/\/www5.centraldedominio.com.br\/new\/#\/schema\/logo\/image\/","url":"http:\/\/www5.centraldedominio.com.br\/new\/wp-content\/uploads\/2022\/03\/logo_central.gif","contentUrl":"http:\/\/www5.centraldedominio.com.br\/new\/wp-content\/uploads\/2022\/03\/logo_central.gif","width":212,"height":79,"caption":"Central de Dominio"},"image":{"@id":"https:\/\/www5.centraldedominio.com.br\/new\/#\/schema\/logo\/image\/"}}]}},"jetpack_sharing_enabled":true,"_links":{"self":[{"href":"https:\/\/www5.centraldedominio.com.br\/new\/wp-json\/wp\/v2\/pages\/374","targetHints":{"allow":["GET"]}}],"collection":[{"href":"https:\/\/www5.centraldedominio.com.br\/new\/wp-json\/wp\/v2\/pages"}],"about":[{"href":"https:\/\/www5.centraldedominio.com.br\/new\/wp-json\/wp\/v2\/types\/page"}],"author":[{"embeddable":true,"href":"https:\/\/www5.centraldedominio.com.br\/new\/wp-json\/wp\/v2\/users\/1"}],"replies":[{"embeddable":true,"href":"https:\/\/www5.centraldedominio.com.br\/new\/wp-json\/wp\/v2\/comments?post=374"}],"version-history":[{"count":1,"href":"https:\/\/www5.centraldedominio.com.br\/new\/wp-json\/wp\/v2\/pages\/374\/revisions"}],"predecessor-version":[{"id":375,"href":"https:\/\/www5.centraldedominio.com.br\/new\/wp-json\/wp\/v2\/pages\/374\/revisions\/375"}],"wp:attachment":[{"href":"https:\/\/www5.centraldedominio.com.br\/new\/wp-json\/wp\/v2\/media?parent=374"}],"curies":[{"name":"wp","href":"https:\/\/api.w.org\/{rel}","templated":true}]}}