{"id":390,"date":"2022-08-29T12:06:28","date_gmt":"2022-08-29T15:06:28","guid":{"rendered":"http:\/\/www5.centraldedominio.com.br\/new\/?page_id=390"},"modified":"2025-02-25T13:31:11","modified_gmt":"2025-02-25T16:31:11","slug":"fabricantes-de-epr","status":"publish","type":"page","link":"https:\/\/www5.centraldedominio.com.br\/new\/fabricantes-de-epr\/","title":{"rendered":"Fabricantes de ERP"},"content":{"rendered":"\n<p><strong>Nossa capacita\u00e7\u00e3o \u00e9 levar tecnologia cloud para o cliente final em parceria com fabricantes de ERPs<\/strong><\/p>\n\n\n\n<p>A decis\u00e3o na aquisi\u00e7\u00e3o de um ERP est\u00e1 cada dia mais concentrada em profissionais das \u00e1reas de neg\u00f3cio que possuem a necessidade de dispor de um ERP para apoiar e sustentar o \u201ccore business\u201d<\/p>\n\n\n\n<p>Nessa transforma\u00e7\u00e3o digital sair\u00e1 na frente o Fabricante de ERP que estiver aberto para utilizar variedades de ambientes cloud a fim de atender \u00e0s necessidades do cliente final.<\/p>\n\n\n\n<p>Conhecendo as solu\u00e7\u00f5es e a expertise da Llevon desenvolvida especialmente para a transforma\u00e7\u00e3o digital e moderniza\u00e7\u00e3o r\u00e1pida para cada segmento de mercado e porte de empresa, atrav\u00e9s de plataformas tecnol\u00f3gicas escal\u00e1veis, com seguran\u00e7a, monitoramento, especialistas e infraestrutura.<\/p>\n\n\n\n<p><em>Migra\u00e7\u00e3o de ambientes atuais on-premises para SaaS (Cloud)<\/em><\/p>\n\n\n\n<p>Se voc\u00ea ainda oferece o seu ERP como um software on-premises, saiba que atualmente a demanda por implementa\u00e7\u00f5es SaaS \/ Cloud aumentou exponencialmente nestes \u00faltimos 5 anos e muitas empresas est\u00e3o migrando para o modelo SaaS!<\/p>\n\n\n\n<p>Segundo previs\u00f5es do Gartner*, o n\u00famero de organiza\u00e7\u00f5es em transi\u00e7\u00e3o de aplica\u00e7\u00f5es on-premises para aplica\u00e7\u00f5es em nuvem aumentar\u00e1 nos pr\u00f3ximos anos em 20%.<\/p>\n\n\n\n<p>O Cloud pode parecer inicialmente ter um custo maior do que adquirir e montar toda a infraestrutura inicial para operar um ERP.<\/p>\n\n\n\n<p>Por\u00e9m quando se analisa os aspectos de infraestrutura in loco, os custos de manuten\u00e7\u00e3o, aloca\u00e7\u00e3o de recursos de TI especializados na tecnologia comprada, upgrades, monitoramento extras,\u2026., os custos ficam em quase todos os casos proibitivos, afetando principalmente no fluxo de caixa do Cliente do ERP em rela\u00e7\u00e3o a compra de servidores, contrata\u00e7\u00e3o e treinamento de profissionais de&nbsp; TI, assim como todos os softwares, desde banco de dados, sistemas operacionais, gerenciados de recursos tecnol\u00f3gicos, firewall, roteadores, links de internet, antiv\u00edrus, e-mails, pabx \/ telefonia, acessos remotos, etc\u2026<\/p>\n\n\n\n<p>S\u00e3o muitos componentes e vari\u00e1veis tecnol\u00f3gicas para comprar, instalar, operar e monitorar! Considerando que o Cliente do ERP ter\u00e1 o foco no \u201ccore business\u201d e n\u00e3o pode tem recursos adicionais para dar foco nas quest\u00f5es tecnol\u00f3gicos que tamb\u00e9m s\u00e3o muito cr\u00edticos para o sucesso e garantir as boas pr\u00e1ticas do uso de um ERP.<\/p>\n\n\n\n<p>Oferecemos um ambiente completo para os Fabricantes de ERP levarem para seus Clientes, que n\u00e3o precisar\u00e3o ter preocupa\u00e7\u00f5es com ambiente de alta complexidade, disponibilidade e seguran\u00e7a refor\u00e7a durante 365 dias do ano, 7 dias da semana e 24 horas por dia! Necess\u00e1rio para seu ERP de miss\u00e3o cr\u00edtica para o Core Business!<\/p>\n\n\n\n<p>&nbsp;Enquanto a sua Empresa tem objetivos em fabricar o melhor ERP e o seu Cliente tem a necessidade de contratar um ERP que atenda a atividade fim, a Llevon oferece e complementa com toda a infraestrutura e recursos necess\u00e1rio para viabilizar as \u201cbest-practices\u201d de implanta\u00e7\u00e3o para quem \u00e9 Fabricante de ERP e conduzir o Cliente (usu\u00e1rio do ERP) iniciar a opera\u00e7\u00e3o sem falta ou excesso de recursos tecnol\u00f3gicos.<\/p>\n\n\n\n<p>Venha conhecer nossas solu\u00e7\u00f5es de seguran\u00e7a (firewall e antiv\u00edrus), cloud computing (com backup cloud e disaster recovery), profissionais t\u00e9cnicos de TI certificados, monitoramento de recursos tecnol\u00f3gicos e suporte na aquisi\u00e7\u00e3o de hardware e software, temos a solu\u00e7\u00e3o ideal para que voc\u00ea, Fabricantes de ERP, agregue os melhores recursos tecnol\u00f3gicos para o seu Cliente final.<\/p>\n\n\n\n<p>Esperamos seu \u00a0<a href=\"http:\/\/www5.centraldedominio.com.br\/new\/contato\/\">contato<\/a><\/p>\n\n\n\n<p><\/p>\n","protected":false},"excerpt":{"rendered":"<p>Nossa capacita\u00e7\u00e3o \u00e9 levar tecnologia cloud para o cliente final em parceria com fabricantes de ERPs A decis\u00e3o na aquisi\u00e7\u00e3o &hellip; <a href=\"https:\/\/www5.centraldedominio.com.br\/new\/fabricantes-de-epr\/\" class=\"more-link\">Continue reading <span class=\"screen-reader-text\">Fabricantes de ERP<\/span><\/a><\/p>\n","protected":false},"author":1,"featured_media":0,"parent":0,"menu_order":0,"comment_status":"closed","ping_status":"closed","template":"","meta":{"footnotes":""},"class_list":["post-390","page","type-page","status-publish","hentry"],"yoast_head":"<!-- This site is optimized with the Yoast SEO plugin v27.5 - https:\/\/yoast.com\/product\/yoast-seo-wordpress\/ -->\n<title>Fabricantes de ERP - Central de Dominio %<\/title>\n<meta name=\"description\" content=\"Fabricantes de ERP Central de Dominio -\" \/>\n<meta name=\"robots\" content=\"index, follow, max-snippet:-1, max-image-preview:large, max-video-preview:-1\" \/>\n<link rel=\"canonical\" href=\"http:\/\/www5.centraldedominio.com.br\/new\/fabricantes-de-epr\/\" \/>\n<meta property=\"og:locale\" content=\"pt_BR\" \/>\n<meta property=\"og:type\" content=\"article\" \/>\n<meta property=\"og:title\" content=\"Fabricantes de ERP - Central de Dominio %\" \/>\n<meta property=\"og:description\" content=\"Fabricantes de ERP Central de Dominio -\" \/>\n<meta property=\"og:url\" content=\"http:\/\/www5.centraldedominio.com.br\/new\/fabricantes-de-epr\/\" \/>\n<meta property=\"og:site_name\" content=\"Central de Dominio\" \/>\n<meta property=\"article:modified_time\" content=\"2025-02-25T16:31:11+00:00\" \/>\n<meta name=\"twitter:card\" content=\"summary_large_image\" \/>\n<meta name=\"twitter:label1\" content=\"Est. tempo de leitura\" \/>\n\t<meta name=\"twitter:data1\" content=\"3 minutos\" \/>\n<script type=\"application\/ld+json\" class=\"yoast-schema-graph\">{\"@context\":\"https:\\\/\\\/schema.org\",\"@graph\":[{\"@type\":\"WebPage\",\"@id\":\"http:\\\/\\\/www5.centraldedominio.com.br\\\/new\\\/fabricantes-de-epr\\\/\",\"url\":\"http:\\\/\\\/www5.centraldedominio.com.br\\\/new\\\/fabricantes-de-epr\\\/\",\"name\":\"Fabricantes de ERP - Central de Dominio %\",\"isPartOf\":{\"@id\":\"https:\\\/\\\/www5.centraldedominio.com.br\\\/new\\\/#website\"},\"datePublished\":\"2022-08-29T15:06:28+00:00\",\"dateModified\":\"2025-02-25T16:31:11+00:00\",\"description\":\"Fabricantes de ERP Central de Dominio -\",\"breadcrumb\":{\"@id\":\"http:\\\/\\\/www5.centraldedominio.com.br\\\/new\\\/fabricantes-de-epr\\\/#breadcrumb\"},\"inLanguage\":\"pt-BR\",\"potentialAction\":[{\"@type\":\"ReadAction\",\"target\":[\"http:\\\/\\\/www5.centraldedominio.com.br\\\/new\\\/fabricantes-de-epr\\\/\"]}]},{\"@type\":\"BreadcrumbList\",\"@id\":\"http:\\\/\\\/www5.centraldedominio.com.br\\\/new\\\/fabricantes-de-epr\\\/#breadcrumb\",\"itemListElement\":[{\"@type\":\"ListItem\",\"position\":1,\"name\":\"In\u00edcio\",\"item\":\"https:\\\/\\\/www5.centraldedominio.com.br\\\/new\\\/\"},{\"@type\":\"ListItem\",\"position\":2,\"name\":\"Fabricantes de ERP\"}]},{\"@type\":\"WebSite\",\"@id\":\"https:\\\/\\\/www5.centraldedominio.com.br\\\/new\\\/#website\",\"url\":\"https:\\\/\\\/www5.centraldedominio.com.br\\\/new\\\/\",\"name\":\"Central de Dominio\",\"description\":\"Hospedagem de Sites, Cloud Computing, Registro de Dominios, E-mail Profissional\",\"publisher\":{\"@id\":\"https:\\\/\\\/www5.centraldedominio.com.br\\\/new\\\/#organization\"},\"potentialAction\":[{\"@type\":\"SearchAction\",\"target\":{\"@type\":\"EntryPoint\",\"urlTemplate\":\"https:\\\/\\\/www5.centraldedominio.com.br\\\/new\\\/?s={search_term_string}\"},\"query-input\":{\"@type\":\"PropertyValueSpecification\",\"valueRequired\":true,\"valueName\":\"search_term_string\"}}],\"inLanguage\":\"pt-BR\"},{\"@type\":\"Organization\",\"@id\":\"https:\\\/\\\/www5.centraldedominio.com.br\\\/new\\\/#organization\",\"name\":\"Central de Dominio\",\"url\":\"https:\\\/\\\/www5.centraldedominio.com.br\\\/new\\\/\",\"logo\":{\"@type\":\"ImageObject\",\"inLanguage\":\"pt-BR\",\"@id\":\"https:\\\/\\\/www5.centraldedominio.com.br\\\/new\\\/#\\\/schema\\\/logo\\\/image\\\/\",\"url\":\"http:\\\/\\\/www5.centraldedominio.com.br\\\/new\\\/wp-content\\\/uploads\\\/2022\\\/03\\\/logo_central.gif\",\"contentUrl\":\"http:\\\/\\\/www5.centraldedominio.com.br\\\/new\\\/wp-content\\\/uploads\\\/2022\\\/03\\\/logo_central.gif\",\"width\":212,\"height\":79,\"caption\":\"Central de Dominio\"},\"image\":{\"@id\":\"https:\\\/\\\/www5.centraldedominio.com.br\\\/new\\\/#\\\/schema\\\/logo\\\/image\\\/\"}}]}<\/script>\n<!-- \/ Yoast SEO plugin. -->","yoast_head_json":{"title":"Fabricantes de ERP - Central de Dominio %","description":"Fabricantes de ERP Central de Dominio -","robots":{"index":"index","follow":"follow","max-snippet":"max-snippet:-1","max-image-preview":"max-image-preview:large","max-video-preview":"max-video-preview:-1"},"canonical":"http:\/\/www5.centraldedominio.com.br\/new\/fabricantes-de-epr\/","og_locale":"pt_BR","og_type":"article","og_title":"Fabricantes de ERP - Central de Dominio %","og_description":"Fabricantes de ERP Central de Dominio -","og_url":"http:\/\/www5.centraldedominio.com.br\/new\/fabricantes-de-epr\/","og_site_name":"Central de Dominio","article_modified_time":"2025-02-25T16:31:11+00:00","twitter_card":"summary_large_image","twitter_misc":{"Est. tempo de leitura":"3 minutos"},"schema":{"@context":"https:\/\/schema.org","@graph":[{"@type":"WebPage","@id":"http:\/\/www5.centraldedominio.com.br\/new\/fabricantes-de-epr\/","url":"http:\/\/www5.centraldedominio.com.br\/new\/fabricantes-de-epr\/","name":"Fabricantes de ERP - Central de Dominio %","isPartOf":{"@id":"https:\/\/www5.centraldedominio.com.br\/new\/#website"},"datePublished":"2022-08-29T15:06:28+00:00","dateModified":"2025-02-25T16:31:11+00:00","description":"Fabricantes de ERP Central de Dominio -","breadcrumb":{"@id":"http:\/\/www5.centraldedominio.com.br\/new\/fabricantes-de-epr\/#breadcrumb"},"inLanguage":"pt-BR","potentialAction":[{"@type":"ReadAction","target":["http:\/\/www5.centraldedominio.com.br\/new\/fabricantes-de-epr\/"]}]},{"@type":"BreadcrumbList","@id":"http:\/\/www5.centraldedominio.com.br\/new\/fabricantes-de-epr\/#breadcrumb","itemListElement":[{"@type":"ListItem","position":1,"name":"In\u00edcio","item":"https:\/\/www5.centraldedominio.com.br\/new\/"},{"@type":"ListItem","position":2,"name":"Fabricantes de ERP"}]},{"@type":"WebSite","@id":"https:\/\/www5.centraldedominio.com.br\/new\/#website","url":"https:\/\/www5.centraldedominio.com.br\/new\/","name":"Central de Dominio","description":"Hospedagem de Sites, Cloud Computing, Registro de Dominios, E-mail Profissional","publisher":{"@id":"https:\/\/www5.centraldedominio.com.br\/new\/#organization"},"potentialAction":[{"@type":"SearchAction","target":{"@type":"EntryPoint","urlTemplate":"https:\/\/www5.centraldedominio.com.br\/new\/?s={search_term_string}"},"query-input":{"@type":"PropertyValueSpecification","valueRequired":true,"valueName":"search_term_string"}}],"inLanguage":"pt-BR"},{"@type":"Organization","@id":"https:\/\/www5.centraldedominio.com.br\/new\/#organization","name":"Central de Dominio","url":"https:\/\/www5.centraldedominio.com.br\/new\/","logo":{"@type":"ImageObject","inLanguage":"pt-BR","@id":"https:\/\/www5.centraldedominio.com.br\/new\/#\/schema\/logo\/image\/","url":"http:\/\/www5.centraldedominio.com.br\/new\/wp-content\/uploads\/2022\/03\/logo_central.gif","contentUrl":"http:\/\/www5.centraldedominio.com.br\/new\/wp-content\/uploads\/2022\/03\/logo_central.gif","width":212,"height":79,"caption":"Central de Dominio"},"image":{"@id":"https:\/\/www5.centraldedominio.com.br\/new\/#\/schema\/logo\/image\/"}}]}},"jetpack_sharing_enabled":true,"_links":{"self":[{"href":"https:\/\/www5.centraldedominio.com.br\/new\/wp-json\/wp\/v2\/pages\/390","targetHints":{"allow":["GET"]}}],"collection":[{"href":"https:\/\/www5.centraldedominio.com.br\/new\/wp-json\/wp\/v2\/pages"}],"about":[{"href":"https:\/\/www5.centraldedominio.com.br\/new\/wp-json\/wp\/v2\/types\/page"}],"author":[{"embeddable":true,"href":"https:\/\/www5.centraldedominio.com.br\/new\/wp-json\/wp\/v2\/users\/1"}],"replies":[{"embeddable":true,"href":"https:\/\/www5.centraldedominio.com.br\/new\/wp-json\/wp\/v2\/comments?post=390"}],"version-history":[{"count":2,"href":"https:\/\/www5.centraldedominio.com.br\/new\/wp-json\/wp\/v2\/pages\/390\/revisions"}],"predecessor-version":[{"id":416,"href":"https:\/\/www5.centraldedominio.com.br\/new\/wp-json\/wp\/v2\/pages\/390\/revisions\/416"}],"wp:attachment":[{"href":"https:\/\/www5.centraldedominio.com.br\/new\/wp-json\/wp\/v2\/media?parent=390"}],"curies":[{"name":"wp","href":"https:\/\/api.w.org\/{rel}","templated":true}]}}