{"id":69,"date":"2022-03-10T07:25:42","date_gmt":"2022-03-10T10:25:42","guid":{"rendered":"http:\/\/www5.centraldedominio.com.br\/new\/?page_id=69"},"modified":"2022-03-12T15:09:34","modified_gmt":"2022-03-12T18:09:34","slug":"backup-windows","status":"publish","type":"page","link":"https:\/\/www5.centraldedominio.com.br\/new\/backup-windows\/","title":{"rendered":"BACKUP WINDOWS"},"content":{"rendered":"\n<p><strong>PROTECTBOX BACKUP WINDOWS<\/strong><\/p>\n\n\n\n<p>execu\u00e7\u00e3o do Backup facilitando o gerenciamento.<\/p>\n\n\n\n<p><strong>IDEAL PARA SUAS NECESSIDADES<\/strong><\/p>\n\n\n\n<p>Se voc\u00ea est\u00e1 usando um programa como o tar, dump, ou bru pra fazer o backup dos seus dados, e voc\u00ea gostaria de uma solu\u00e7\u00e3o de rede, com mais flexibilidade, ou cat\u00e1logo de servi\u00e7os, ProtectBox Backup fornecer\u00e1 as funcionalidades adicionais que deseja.<br>ProtectBox Backup destina-se a proteger os seus dados seguindo as regras que voc\u00ea especificar, e isso significa reutilizando uma fita apenas como \u00faltimo recurso.<br>Se voc\u00ea estiver executando o Amanda e gostaria de backup programa que pode escrever em volumes m\u00faltiplos (i.e. n\u00e3o est\u00e1 limitada pela sua capacidade do seu Driver, M\u00eddia), ProtectBox Backup mais prov\u00e1vel pode preencher suas necessidades.<br>Se voc\u00ea est\u00e1 usando um sofisticado pacote comercial, como Legato Networker, ARCserveIT, Arkeia, or PerfectBackup+, voc\u00ea pode estar interessado em ProtectBox Backup, que oferece muitas das mesmas caracter\u00edsticas.<\/p>\n\n\n\n<p><strong>CARACTER\u00cdSTICAS<\/strong><\/p>\n\n\n\n<p>\u00bb Controle de Backup (Jobs)<br>\u00bb Multiplos Backups ao mesmo tempo<br>\u00bb Execu\u00e7\u00e3o de v\u00e1rios Backup, informando a prioridade, ou seja o que deve ser executado primeiro, o segundo, etc\u2026<br>\u00bb Gera\u00e7\u00e3o de Catalogos de todos os backups, acessando rapidamente o que est\u00e1 backup e restaurar com facilidade.<br>\u00bb Seguran\u00e7a \u2013 Volume de Backup gerado com criptografia<br>\u00bb Restaurar um ou mais arquivos interativamente do backup atual ou dos Backup anteriores<\/p>\n\n\n\n<p>ProtectBox Backup pode funcionar perfeitamente em um \u00fanico computador e pode gerar e recuperar o Backup de diversos tipos de m\u00eddia, incluindo fitas DAT, DLT, CD, DVD e discos.<\/p>\n\n\n\n<p>ProtectBox Backup \u00e9 relativamente f\u00e1cil de usar e eficiente, oferecendo muitos servi\u00e7os avan\u00e7ados de gest\u00e3o de armazenamento caracter\u00edsticas que tornam mais f\u00e1cil de encontrar e recuperar arquivos perdidos ou danificados.<br>Devido ao seu design modular, ProtectBox Backup \u00e9 escal\u00e1vel de um \u00fanico servidor para sistemas constitu\u00eddos por centenas de computadores localizados em uma grande rede.<\/p>\n\n\n\n<p><strong>JOB CONTROL<\/strong><\/p>\n\n\n\n<p>\u00bb Backup \/ restore de Rede centralizado.<br>\u00bb Scheduler interno para execu\u00e7\u00e3o autom\u00e1tica do Backup.<br>\u00bb Programa\u00e7\u00e3o de v\u00e1rios Backup, ao mesmo tempo.<br>\u00bb Voc\u00ea pode executar um Backup num momento ou m\u00faltiplos Backup.<br>\u00bb Job seq\u00fcenciamento usando prioridades.<br>\u00bb Console permitindo o controle completo.<\/p>\n\n\n\n<p><strong>SEGURAN\u00c7A<\/strong><\/p>\n\n\n\n<p>\u00bb Verifica\u00e7\u00e3o de arquivos anteriormente catalogados, permitindo uma Tripwire como a capacidade (sistema de detec\u00e7\u00e3o de ruptura).<br>\u00bb CRAM \u2013 MD5 senha autentica\u00e7\u00e3o entre cada componente (Daemon).<br>\u00bb Configur\u00e1vel TLS (SSL) encripta\u00e7\u00e3o das comunica\u00e7\u00f5es entre cada componente.<br>\u00bb Configur\u00e1vel Dados (em Volume) com criptografia.<br>\u00bb C\u00e1lculo do MD5 ou SHA1 assinaturas do arquivo de dados, se solicitado.<\/p>\n\n\n\n<p><strong>CAT\u00c1LOGO SQL<\/strong><\/p>\n\n\n\n<p>\u00bb Base de Dados de Cat\u00e1logo para facilmente lembrar de Volumes, Pools, Jobs, e arquivos em um backup.<br>\u00bb Catalogo Suporta para MySQL, PostgreSQL, SQLite Cat\u00e1logo e bases de dados.<\/p>\n\n\n\n<p><strong>SUPORTE PARA MAIORIA DOS DISPOSITIVOS DE ARMAZENAMENTO<\/strong><\/p>\n\n\n\n<p>\u00bb Suporte a Autochanger de Tapes.<br>\u00bb Suporte para Autochanger barcodes.<br>\u00bb Suporte para m\u00faltiplos unidades de Autochangers.<br>\u00bb Raw device backup\/restore.<br>\u00bb Todos Volume blocos (aproximadamente 64K bytes) incluir uma confer\u00eancia de dados.<br>\u00bb Migra\u00e7\u00e3o \u2013 mover dados de um Pool ou Volume para outro.<br>\u00bb Suporte a DVD<\/p>\n\n\n\n<p>MULTI OPERATION SYSTEM SUPPORT \u2013 MULTI SISTEMA OPERACIONAL<\/p>\n\n\n\n<p>\u00bb Programado para lidar arbitrariamente nomes longos de arquivos e mensagens.<br>\u00bb Compress\u00e3o GZIP em arquivo por arquivo feito pelo programa Cliente antes de enviar pela Rede.<br>\u00bb Salva e restaura POSIX ACLs( Direitos ) em mais OSes se ativado.<br>\u00bb Listas para controlar o acesso que permitem restringir o acesso do usu\u00e1rio a apenas seus dados.<br>\u00bb Suporte para salvar \/ restaurar de arquivos maiores que 2 GB.<br>\u00bb Suporte para 64 bits m\u00e1quinas, e.g. amd64, Sparc. Amd64, Sparc.<br>\u00bb Suporte ANSI e IBM fita r\u00f3tulos.<br>\u00bb Suporte para Unicode arquivo (e.g. chin\u00eas), em Win32 m\u00e1quinas na vers\u00e3o 1.37.28 e superior.<br>\u00bb Backup consistente de Arquivos abertos em sistemas Win32 (WinXP, Win2003, e Vista), mas n\u00e3o Win2000, utilizando Volume Shadow Copy (VSS).<br>\u00bb Suporte \u00e0 caminho \/ nome do arquivo comprimentos de at\u00e9 64K em m\u00e1quinas Win32 (ilimitado no Unix \/ Linux m\u00e1quinas).<\/p>\n\n\n\n<p><strong>GEST\u00c3O DE VOLUMES E POOL DE VOLUMES<\/strong><\/p>\n\n\n\n<p>\u00bb Volumes rotulados, impedindo escrever ou apagar acidentalmente.<br>\u00bb Qualquer n\u00famero de Jobs e Clientes pode ser acompanhada de um \u00fanico Volume. Isto \u00e9, se voc\u00ea pode fazer backup e restaurar do Linux, Unix, Sun, Windows e m\u00e1quinas no mesmo Volume.<br>\u00bb Quando um Volume est\u00e1 cheio, ProtectBox Backup pede automaticamente na pr\u00f3ximo Volume e continua o backup.<br>\u00bb Gerenciamento de Volumes e Pools gerando uma biblioteca fornecendo Volume flexibilidade (e.g. mensalmente, semanalmente, diariamente Volume conjuntos, Volume conjuntos separados pelo Cliente\u2026).<br>\u00bb M\u00e1quina independente Volume formato dos dados, Linux, Solaris, and Windows clientes todos podem ser Backpeados no mesmo volume se desejar.<br>\u00bb Um gerenciador de mensagem flex\u00edvel incluindo encaminhamento de mensagens a partir de qualquer Daemon voltar ao director gerar relat\u00f3rios autom\u00e1ticos por email.<br>\u00bb Spool de Dados para aumentar a performance do Backup.<\/p>\n\n\n\n<p><strong>CARACTER\u00cdSTICAS DO RESTORE<\/strong><\/p>\n\n\n\n<p>\u00bb Restaurar de um ou mais arquivos selecionados interativamente, de um backup atual ou um backup antes de uma determinada data e hora.<br>\u00bb Restaurar de um sistema completo. Processo automatizado para sistemas Linux, Windows e parcialmente automatizados para Solaris.<br>\u00bb Listagem e Restaura\u00e7\u00e3o de arquivos usando programa de linha de comando ou Gr\u00e1fico. Entre outras coisas, isso permite extra\u00e7\u00e3o de pastas e arquivos quando o ProtectBox Backup e \/ ou o cat\u00e1logo n\u00e3o est\u00e3o dispon\u00edveis . Estes programas s\u00e3o concebidos para serem utilizados como \u00faltimo recurso.<br>\u00bb Capacidade para recuperar o cat\u00e1logo de dados rapidamente.<br>\u00bb Capacidade de recriar o cat\u00e1logo de dados.<\/p>\n\n\n\n<p><strong>VANTAGENS SOBRE OS OUTROS PROGRAMAS DE BACKUP<\/strong><\/p>\n\n\n\n<p>\u00bb Tamb\u00e9m \u00e9 poss\u00edvel fazer um backup clientes sem qualquer software cliente usando NFS ou Samba ou compartilhamento de arquivos. No entanto, se for poss\u00edvel, \u00e9 recomend\u00e1vel executar um cliente em cada m\u00e1quina.<br>\u00bb ProtectBox Backup manipula m\u00faltiplos volumes de Backup.<br>\u00bb A plena abrangente SQL base de todos os arquivos em Backup. Esta linha permite visualiza\u00e7\u00e3o de arquivos salvos em qualquer Volume.<br>\u00bb Automatic pruning da base (remo\u00e7\u00e3o de registros ), assim, simplificar base administra\u00e7\u00e3o.<br>\u00bb Qualquer tipo de SQL pode ser utilizado fazendo ProtectBox Backup muito flex\u00edvel. Drivers actualmente existem para MySQL, PostgreSQL, e SQLite.<br>\u00bb A concep\u00e7\u00e3o integrada modulares mas faz ProtectBox Backup muito escal\u00e1vel.<br>\u00bb ProtectBox Backup tem um contrutor de Agendas de Backup.<br>\u00bb ProtectBox Backup instala\u00e7\u00e3o e configura\u00e7\u00e3o \u00e9 relativamente simples, em compara\u00e7\u00e3o com outros produtos compar\u00e1veis.<\/p>\n\n\n\n<p><strong>MAIS VANTAGENS<\/strong><\/p>\n\n\n\n<p>\u00bb ProtectBox Backup \u00e9 t\u00e3o r\u00e1pido como as principais aplica\u00e7\u00f5es comerciais.<br>\u00bb ProtectBox Backup \u00e9 quatro vezes mais r\u00e1pido do que outra aplica\u00e7\u00e3o comercial, provavelmente porque essa aplica\u00e7\u00e3o armazena seu cat\u00e1logo informa\u00e7\u00e3o num grande n\u00famero de processos individuais, em vez de uma Base de dados SQL como ProtectBox Backup faz.<br>\u00bb Com exce\u00e7\u00e3o da GUI interface administrativa, ProtectBox Backup tem uma interface administrativa, o que permite que o administrador de utilizar ferramentas como o ssh para administrar qualquer parte do ProtectBox Backup a partir de qualquer lugar (mesmo a partir de casa).<br>\u00bb ProtectBox Backup tem um Rescue CD para sistemas Linux.<\/p>\n\n\n\n<p><strong>DIVERSOS<\/strong><\/p>\n\n\n\n<p>\u00bb Multi-threaded implementation.<br>\u00bb Uma abrangente e extens\u00edvel arquivo de configura\u00e7\u00e3o para cada Daemon.<\/p>\n\n\n\n<p>ualquer duvida entre em <a href=\"http:\/\/www5.centraldedominio.com.br\/new\/contato\/\">contato<\/a><\/p>\n","protected":false},"excerpt":{"rendered":"<p>PROTECTBOX BACKUP WINDOWS execu\u00e7\u00e3o do Backup facilitando o gerenciamento. IDEAL PARA SUAS NECESSIDADES Se voc\u00ea est\u00e1 usando um programa como &hellip; <a href=\"https:\/\/www5.centraldedominio.com.br\/new\/backup-windows\/\" class=\"more-link\">Continue reading <span class=\"screen-reader-text\">BACKUP WINDOWS<\/span><\/a><\/p>\n","protected":false},"author":1,"featured_media":0,"parent":0,"menu_order":0,"comment_status":"closed","ping_status":"closed","template":"","meta":{"footnotes":""},"class_list":["post-69","page","type-page","status-publish","hentry"],"yoast_head":"<!-- This site is optimized with the Yoast SEO plugin v27.5 - https:\/\/yoast.com\/product\/yoast-seo-wordpress\/ -->\n<title>BACKUP WINDOWS - Central de Dominio %<\/title>\n<meta name=\"description\" content=\"BACKUP WINDOWS Central de Dominio -\" \/>\n<meta name=\"robots\" content=\"index, follow, max-snippet:-1, max-image-preview:large, max-video-preview:-1\" \/>\n<link rel=\"canonical\" href=\"https:\/\/www5.centraldedominio.com.br\/new\/backup-windows\/\" \/>\n<meta property=\"og:locale\" content=\"pt_BR\" \/>\n<meta property=\"og:type\" content=\"article\" \/>\n<meta property=\"og:title\" content=\"BACKUP WINDOWS - Central de Dominio %\" \/>\n<meta property=\"og:description\" content=\"BACKUP WINDOWS Central de Dominio -\" \/>\n<meta property=\"og:url\" content=\"https:\/\/www5.centraldedominio.com.br\/new\/backup-windows\/\" \/>\n<meta property=\"og:site_name\" content=\"Central de Dominio\" \/>\n<meta property=\"article:modified_time\" content=\"2022-03-12T18:09:34+00:00\" \/>\n<meta name=\"twitter:card\" content=\"summary_large_image\" \/>\n<meta name=\"twitter:label1\" content=\"Est. tempo de leitura\" \/>\n\t<meta name=\"twitter:data1\" content=\"7 minutos\" \/>\n<script type=\"application\/ld+json\" class=\"yoast-schema-graph\">{\"@context\":\"https:\\\/\\\/schema.org\",\"@graph\":[{\"@type\":\"WebPage\",\"@id\":\"https:\\\/\\\/www5.centraldedominio.com.br\\\/new\\\/backup-windows\\\/\",\"url\":\"https:\\\/\\\/www5.centraldedominio.com.br\\\/new\\\/backup-windows\\\/\",\"name\":\"BACKUP WINDOWS - Central de Dominio %\",\"isPartOf\":{\"@id\":\"https:\\\/\\\/www5.centraldedominio.com.br\\\/new\\\/#website\"},\"datePublished\":\"2022-03-10T10:25:42+00:00\",\"dateModified\":\"2022-03-12T18:09:34+00:00\",\"description\":\"BACKUP WINDOWS Central de Dominio -\",\"breadcrumb\":{\"@id\":\"https:\\\/\\\/www5.centraldedominio.com.br\\\/new\\\/backup-windows\\\/#breadcrumb\"},\"inLanguage\":\"pt-BR\",\"potentialAction\":[{\"@type\":\"ReadAction\",\"target\":[\"https:\\\/\\\/www5.centraldedominio.com.br\\\/new\\\/backup-windows\\\/\"]}]},{\"@type\":\"BreadcrumbList\",\"@id\":\"https:\\\/\\\/www5.centraldedominio.com.br\\\/new\\\/backup-windows\\\/#breadcrumb\",\"itemListElement\":[{\"@type\":\"ListItem\",\"position\":1,\"name\":\"In\u00edcio\",\"item\":\"https:\\\/\\\/www5.centraldedominio.com.br\\\/new\\\/\"},{\"@type\":\"ListItem\",\"position\":2,\"name\":\"BACKUP WINDOWS\"}]},{\"@type\":\"WebSite\",\"@id\":\"https:\\\/\\\/www5.centraldedominio.com.br\\\/new\\\/#website\",\"url\":\"https:\\\/\\\/www5.centraldedominio.com.br\\\/new\\\/\",\"name\":\"Central de Dominio\",\"description\":\"Hospedagem de Sites, Cloud Computing, Registro de Dominios, E-mail Profissional\",\"publisher\":{\"@id\":\"https:\\\/\\\/www5.centraldedominio.com.br\\\/new\\\/#organization\"},\"potentialAction\":[{\"@type\":\"SearchAction\",\"target\":{\"@type\":\"EntryPoint\",\"urlTemplate\":\"https:\\\/\\\/www5.centraldedominio.com.br\\\/new\\\/?s={search_term_string}\"},\"query-input\":{\"@type\":\"PropertyValueSpecification\",\"valueRequired\":true,\"valueName\":\"search_term_string\"}}],\"inLanguage\":\"pt-BR\"},{\"@type\":\"Organization\",\"@id\":\"https:\\\/\\\/www5.centraldedominio.com.br\\\/new\\\/#organization\",\"name\":\"Central de Dominio\",\"url\":\"https:\\\/\\\/www5.centraldedominio.com.br\\\/new\\\/\",\"logo\":{\"@type\":\"ImageObject\",\"inLanguage\":\"pt-BR\",\"@id\":\"https:\\\/\\\/www5.centraldedominio.com.br\\\/new\\\/#\\\/schema\\\/logo\\\/image\\\/\",\"url\":\"http:\\\/\\\/www5.centraldedominio.com.br\\\/new\\\/wp-content\\\/uploads\\\/2022\\\/03\\\/logo_central.gif\",\"contentUrl\":\"http:\\\/\\\/www5.centraldedominio.com.br\\\/new\\\/wp-content\\\/uploads\\\/2022\\\/03\\\/logo_central.gif\",\"width\":212,\"height\":79,\"caption\":\"Central de Dominio\"},\"image\":{\"@id\":\"https:\\\/\\\/www5.centraldedominio.com.br\\\/new\\\/#\\\/schema\\\/logo\\\/image\\\/\"}}]}<\/script>\n<!-- \/ Yoast SEO plugin. -->","yoast_head_json":{"title":"BACKUP WINDOWS - Central de Dominio %","description":"BACKUP WINDOWS Central de Dominio -","robots":{"index":"index","follow":"follow","max-snippet":"max-snippet:-1","max-image-preview":"max-image-preview:large","max-video-preview":"max-video-preview:-1"},"canonical":"https:\/\/www5.centraldedominio.com.br\/new\/backup-windows\/","og_locale":"pt_BR","og_type":"article","og_title":"BACKUP WINDOWS - Central de Dominio %","og_description":"BACKUP WINDOWS Central de Dominio -","og_url":"https:\/\/www5.centraldedominio.com.br\/new\/backup-windows\/","og_site_name":"Central de Dominio","article_modified_time":"2022-03-12T18:09:34+00:00","twitter_card":"summary_large_image","twitter_misc":{"Est. tempo de leitura":"7 minutos"},"schema":{"@context":"https:\/\/schema.org","@graph":[{"@type":"WebPage","@id":"https:\/\/www5.centraldedominio.com.br\/new\/backup-windows\/","url":"https:\/\/www5.centraldedominio.com.br\/new\/backup-windows\/","name":"BACKUP WINDOWS - Central de Dominio %","isPartOf":{"@id":"https:\/\/www5.centraldedominio.com.br\/new\/#website"},"datePublished":"2022-03-10T10:25:42+00:00","dateModified":"2022-03-12T18:09:34+00:00","description":"BACKUP WINDOWS Central de Dominio -","breadcrumb":{"@id":"https:\/\/www5.centraldedominio.com.br\/new\/backup-windows\/#breadcrumb"},"inLanguage":"pt-BR","potentialAction":[{"@type":"ReadAction","target":["https:\/\/www5.centraldedominio.com.br\/new\/backup-windows\/"]}]},{"@type":"BreadcrumbList","@id":"https:\/\/www5.centraldedominio.com.br\/new\/backup-windows\/#breadcrumb","itemListElement":[{"@type":"ListItem","position":1,"name":"In\u00edcio","item":"https:\/\/www5.centraldedominio.com.br\/new\/"},{"@type":"ListItem","position":2,"name":"BACKUP WINDOWS"}]},{"@type":"WebSite","@id":"https:\/\/www5.centraldedominio.com.br\/new\/#website","url":"https:\/\/www5.centraldedominio.com.br\/new\/","name":"Central de Dominio","description":"Hospedagem de Sites, Cloud Computing, Registro de Dominios, E-mail Profissional","publisher":{"@id":"https:\/\/www5.centraldedominio.com.br\/new\/#organization"},"potentialAction":[{"@type":"SearchAction","target":{"@type":"EntryPoint","urlTemplate":"https:\/\/www5.centraldedominio.com.br\/new\/?s={search_term_string}"},"query-input":{"@type":"PropertyValueSpecification","valueRequired":true,"valueName":"search_term_string"}}],"inLanguage":"pt-BR"},{"@type":"Organization","@id":"https:\/\/www5.centraldedominio.com.br\/new\/#organization","name":"Central de Dominio","url":"https:\/\/www5.centraldedominio.com.br\/new\/","logo":{"@type":"ImageObject","inLanguage":"pt-BR","@id":"https:\/\/www5.centraldedominio.com.br\/new\/#\/schema\/logo\/image\/","url":"http:\/\/www5.centraldedominio.com.br\/new\/wp-content\/uploads\/2022\/03\/logo_central.gif","contentUrl":"http:\/\/www5.centraldedominio.com.br\/new\/wp-content\/uploads\/2022\/03\/logo_central.gif","width":212,"height":79,"caption":"Central de Dominio"},"image":{"@id":"https:\/\/www5.centraldedominio.com.br\/new\/#\/schema\/logo\/image\/"}}]}},"jetpack_sharing_enabled":true,"_links":{"self":[{"href":"https:\/\/www5.centraldedominio.com.br\/new\/wp-json\/wp\/v2\/pages\/69","targetHints":{"allow":["GET"]}}],"collection":[{"href":"https:\/\/www5.centraldedominio.com.br\/new\/wp-json\/wp\/v2\/pages"}],"about":[{"href":"https:\/\/www5.centraldedominio.com.br\/new\/wp-json\/wp\/v2\/types\/page"}],"author":[{"embeddable":true,"href":"https:\/\/www5.centraldedominio.com.br\/new\/wp-json\/wp\/v2\/users\/1"}],"replies":[{"embeddable":true,"href":"https:\/\/www5.centraldedominio.com.br\/new\/wp-json\/wp\/v2\/comments?post=69"}],"version-history":[{"count":3,"href":"https:\/\/www5.centraldedominio.com.br\/new\/wp-json\/wp\/v2\/pages\/69\/revisions"}],"predecessor-version":[{"id":339,"href":"https:\/\/www5.centraldedominio.com.br\/new\/wp-json\/wp\/v2\/pages\/69\/revisions\/339"}],"wp:attachment":[{"href":"https:\/\/www5.centraldedominio.com.br\/new\/wp-json\/wp\/v2\/media?parent=69"}],"curies":[{"name":"wp","href":"https:\/\/api.w.org\/{rel}","templated":true}]}}