{"id":73,"date":"2022-03-10T07:32:36","date_gmt":"2022-03-10T10:32:36","guid":{"rendered":"http:\/\/www5.centraldedominio.com.br\/new\/?page_id=73"},"modified":"2022-03-12T15:08:04","modified_gmt":"2022-03-12T18:08:04","slug":"consultoria-linux","status":"publish","type":"page","link":"https:\/\/www5.centraldedominio.com.br\/new\/consultoria-linux\/","title":{"rendered":"Consultoria Linux"},"content":{"rendered":"\n<p><strong>MUITO MAIS IMPLEMENTA\u00c7\u00d5ES BASEADAS EM LINUX<\/strong><\/p>\n\n\n\n<p>Em um extenso portf\u00f3lio de instala\u00e7\u00f5es Linux e com software livre.<br>Nossa consultoria oferece servi\u00e7os diversos desde a implementa\u00e7\u00e3o de uma tecnologia espec\u00edfica, suporte e at\u00e9 a transfer\u00eancia de know-how.<br>O Linux oferece todos os servi\u00e7os que outros sistemas operacionais para servidor oferecem, com performance, robustez e seguran\u00e7a.<\/p>\n\n\n\n<p><strong>ESCOPO DA CONSULTORIA<\/strong><\/p>\n\n\n\n<p>A metodologia da Consultoria garante a escolha da melhor tecnologia de Software Livre para um problema apresentado pelo Cliente.&nbsp;<\/p>\n\n\n\n<p><strong>Processos:<\/strong><\/p>\n\n\n\n<p>\u00bb Termo de abertura da Consultoria;<br>\u00bb Cronograma das atividades<br>\u00bb Matriz de responsabilidades<br>\u00bb Discuss\u00e3o do Problema apresentado pelo Cliente<br>\u00bb Op\u00e7\u00f5es de Software Livres ou Procedimentos para o problema Apresentado<br>\u00bb Caracter\u00edsticas, Vantagens e Desvantagens das Op\u00e7\u00f5es Apresentadas<br>\u00bb Ambiente de testes para os v\u00e1rios<br>\u00bb Implementa\u00e7\u00e3o em Produ\u00e7\u00e3o<br>\u00bb Repasse de conhecimento<br>\u00bb Documenta\u00e7\u00e3o do ambiente<br>\u00bb Termo de encerramento da Consultoria<\/p>\n\n\n\n<p><strong>PORQUE ESCOLHER A Central de Dominio<\/strong><\/p>\n\n\n\n<p>\u00bb Experi\u00eancia na implementa\u00e7\u00e3o de ambiente de miss\u00e3o cr\u00edtica<br>\u00bb Baixo custo de consultoria e implementa\u00e7\u00e3o<\/p>\n\n\n\n<p><strong>IMPLEMENTA\u00c7\u00d5ES EXECUTADAS COM SOFTWARE LIVRE<\/strong><\/p>\n\n\n\n<p>\u00bb Servidor de Arquivos com Servidor Samba<br>\u00bb Servidor de Arquivos com Servidor Netware<br>\u00bb Servidor de Email \u2013 Postfix, Exim, Qmail<br>\u00bb Servidor de VPN \u2013 IPsec, OpenVPN, PPTP<br>\u00bb Servidor de VPN \u2013 Altamente Redundante e Fail-Over \u2013 IPsec e OpenVPN<br>\u00bb Servidor Web<br>\u00bb Servidor Tomcat<br>\u00bb Servidor FTP e Banco de Dados PostgreSQL, Mysql, Firebird, SQLite<br>\u00bb Firewall com 12 placas de Rede, Altamente Redundante e Fail-Over<br>\u00bb Servidor de Backup \u2013 Bacula, BackupPC, Amanda, Script, etc<br>\u00bb Servidor de DNS \u2013 Bind<br>\u00bb Servidor de Proxy \u2013 Squid, SquidGuard, DansGuardian<br>\u00bb CRM \u2013 Vtiger, SugarCRM, OpenCRX<br>\u00bb Cluster Linux<br>\u00bb Espelhamento Linux<br>\u00bb Servidor VOIP<br>\u00bb Central Telefonica Asterisk<br>\u00bb Central Telefonica \u2013 Redundante e Fail-Over para 1500 ramais<br>\u00bb Autentica\u00e7\u00e3o e Restri\u00e7\u00e3o de Acesso com Active Directory<br>\u00bb Autentica\u00e7\u00e3o e Restri\u00e7\u00e3o de Acesso com LDAP<br>\u00bb Controle de Banda<br>\u00bb Controle de Acesso \u2013 NAC ( Network Access Control )<br>\u00bb Virtualiza\u00e7\u00e3o \u2013 Vmware , Vmware Modificado, OpenVz, VirtualBox, Xen, Xen Server, OpenNebula,<br>\u00bb IDS ( Intrusion Detection Systems )<br>\u00bb Controle de MSN \u2013 Instant Messaging<br>\u00bb Comunicador Interno \u2013 integrado com LDAP ou AD<br>\u00bb Roteamento complexos \u2013 BGP&nbsp;<br>\u00bb Balanceamento de Links<br>\u00bb SSO ( Single Sign On )<br>\u00bb GED \u2013 Gerenciador Eletronico de Documentos<br>\u00bb Portais Corporativos \u2013 LifeRay<br>\u00bb Business Inteligence \u2013 BI<\/p>\n\n\n\n<p>Qualquer duvida entre em <a href=\"http:\/\/www5.centraldedominio.com.br\/new\/contato\/\">contato<\/a><\/p>\n","protected":false},"excerpt":{"rendered":"<p>MUITO MAIS IMPLEMENTA\u00c7\u00d5ES BASEADAS EM LINUX Em um extenso portf\u00f3lio de instala\u00e7\u00f5es Linux e com software livre.Nossa consultoria oferece servi\u00e7os &hellip; <a href=\"https:\/\/www5.centraldedominio.com.br\/new\/consultoria-linux\/\" class=\"more-link\">Continue reading <span class=\"screen-reader-text\">Consultoria Linux<\/span><\/a><\/p>\n","protected":false},"author":1,"featured_media":0,"parent":0,"menu_order":0,"comment_status":"closed","ping_status":"closed","template":"","meta":{"footnotes":""},"class_list":["post-73","page","type-page","status-publish","hentry"],"yoast_head":"<!-- This site is optimized with the Yoast SEO plugin v27.5 - https:\/\/yoast.com\/product\/yoast-seo-wordpress\/ -->\n<title>Consultoria Linux - Central de Dominio %<\/title>\n<meta name=\"description\" content=\"Consultoria Linux Central de Dominio -\" \/>\n<meta name=\"robots\" content=\"index, follow, max-snippet:-1, max-image-preview:large, max-video-preview:-1\" \/>\n<link rel=\"canonical\" href=\"https:\/\/www5.centraldedominio.com.br\/new\/consultoria-linux\/\" \/>\n<meta property=\"og:locale\" content=\"pt_BR\" \/>\n<meta property=\"og:type\" content=\"article\" \/>\n<meta property=\"og:title\" content=\"Consultoria Linux - Central de Dominio %\" \/>\n<meta property=\"og:description\" content=\"Consultoria Linux Central de Dominio -\" \/>\n<meta property=\"og:url\" content=\"https:\/\/www5.centraldedominio.com.br\/new\/consultoria-linux\/\" \/>\n<meta property=\"og:site_name\" content=\"Central de Dominio\" \/>\n<meta property=\"article:modified_time\" content=\"2022-03-12T18:08:04+00:00\" \/>\n<meta name=\"twitter:card\" content=\"summary_large_image\" \/>\n<meta name=\"twitter:label1\" content=\"Est. tempo de leitura\" \/>\n\t<meta name=\"twitter:data1\" content=\"2 minutos\" \/>\n<script type=\"application\/ld+json\" class=\"yoast-schema-graph\">{\"@context\":\"https:\\\/\\\/schema.org\",\"@graph\":[{\"@type\":\"WebPage\",\"@id\":\"https:\\\/\\\/www5.centraldedominio.com.br\\\/new\\\/consultoria-linux\\\/\",\"url\":\"https:\\\/\\\/www5.centraldedominio.com.br\\\/new\\\/consultoria-linux\\\/\",\"name\":\"Consultoria Linux - Central de Dominio %\",\"isPartOf\":{\"@id\":\"https:\\\/\\\/www5.centraldedominio.com.br\\\/new\\\/#website\"},\"datePublished\":\"2022-03-10T10:32:36+00:00\",\"dateModified\":\"2022-03-12T18:08:04+00:00\",\"description\":\"Consultoria Linux Central de Dominio -\",\"breadcrumb\":{\"@id\":\"https:\\\/\\\/www5.centraldedominio.com.br\\\/new\\\/consultoria-linux\\\/#breadcrumb\"},\"inLanguage\":\"pt-BR\",\"potentialAction\":[{\"@type\":\"ReadAction\",\"target\":[\"https:\\\/\\\/www5.centraldedominio.com.br\\\/new\\\/consultoria-linux\\\/\"]}]},{\"@type\":\"BreadcrumbList\",\"@id\":\"https:\\\/\\\/www5.centraldedominio.com.br\\\/new\\\/consultoria-linux\\\/#breadcrumb\",\"itemListElement\":[{\"@type\":\"ListItem\",\"position\":1,\"name\":\"In\u00edcio\",\"item\":\"https:\\\/\\\/www5.centraldedominio.com.br\\\/new\\\/\"},{\"@type\":\"ListItem\",\"position\":2,\"name\":\"Consultoria Linux\"}]},{\"@type\":\"WebSite\",\"@id\":\"https:\\\/\\\/www5.centraldedominio.com.br\\\/new\\\/#website\",\"url\":\"https:\\\/\\\/www5.centraldedominio.com.br\\\/new\\\/\",\"name\":\"Central de Dominio\",\"description\":\"Hospedagem de Sites, Cloud Computing, Registro de Dominios, E-mail Profissional\",\"publisher\":{\"@id\":\"https:\\\/\\\/www5.centraldedominio.com.br\\\/new\\\/#organization\"},\"potentialAction\":[{\"@type\":\"SearchAction\",\"target\":{\"@type\":\"EntryPoint\",\"urlTemplate\":\"https:\\\/\\\/www5.centraldedominio.com.br\\\/new\\\/?s={search_term_string}\"},\"query-input\":{\"@type\":\"PropertyValueSpecification\",\"valueRequired\":true,\"valueName\":\"search_term_string\"}}],\"inLanguage\":\"pt-BR\"},{\"@type\":\"Organization\",\"@id\":\"https:\\\/\\\/www5.centraldedominio.com.br\\\/new\\\/#organization\",\"name\":\"Central de Dominio\",\"url\":\"https:\\\/\\\/www5.centraldedominio.com.br\\\/new\\\/\",\"logo\":{\"@type\":\"ImageObject\",\"inLanguage\":\"pt-BR\",\"@id\":\"https:\\\/\\\/www5.centraldedominio.com.br\\\/new\\\/#\\\/schema\\\/logo\\\/image\\\/\",\"url\":\"http:\\\/\\\/www5.centraldedominio.com.br\\\/new\\\/wp-content\\\/uploads\\\/2022\\\/03\\\/logo_central.gif\",\"contentUrl\":\"http:\\\/\\\/www5.centraldedominio.com.br\\\/new\\\/wp-content\\\/uploads\\\/2022\\\/03\\\/logo_central.gif\",\"width\":212,\"height\":79,\"caption\":\"Central de Dominio\"},\"image\":{\"@id\":\"https:\\\/\\\/www5.centraldedominio.com.br\\\/new\\\/#\\\/schema\\\/logo\\\/image\\\/\"}}]}<\/script>\n<!-- \/ Yoast SEO plugin. -->","yoast_head_json":{"title":"Consultoria Linux - Central de Dominio %","description":"Consultoria Linux Central de Dominio -","robots":{"index":"index","follow":"follow","max-snippet":"max-snippet:-1","max-image-preview":"max-image-preview:large","max-video-preview":"max-video-preview:-1"},"canonical":"https:\/\/www5.centraldedominio.com.br\/new\/consultoria-linux\/","og_locale":"pt_BR","og_type":"article","og_title":"Consultoria Linux - Central de Dominio %","og_description":"Consultoria Linux Central de Dominio -","og_url":"https:\/\/www5.centraldedominio.com.br\/new\/consultoria-linux\/","og_site_name":"Central de Dominio","article_modified_time":"2022-03-12T18:08:04+00:00","twitter_card":"summary_large_image","twitter_misc":{"Est. tempo de leitura":"2 minutos"},"schema":{"@context":"https:\/\/schema.org","@graph":[{"@type":"WebPage","@id":"https:\/\/www5.centraldedominio.com.br\/new\/consultoria-linux\/","url":"https:\/\/www5.centraldedominio.com.br\/new\/consultoria-linux\/","name":"Consultoria Linux - Central de Dominio %","isPartOf":{"@id":"https:\/\/www5.centraldedominio.com.br\/new\/#website"},"datePublished":"2022-03-10T10:32:36+00:00","dateModified":"2022-03-12T18:08:04+00:00","description":"Consultoria Linux Central de Dominio -","breadcrumb":{"@id":"https:\/\/www5.centraldedominio.com.br\/new\/consultoria-linux\/#breadcrumb"},"inLanguage":"pt-BR","potentialAction":[{"@type":"ReadAction","target":["https:\/\/www5.centraldedominio.com.br\/new\/consultoria-linux\/"]}]},{"@type":"BreadcrumbList","@id":"https:\/\/www5.centraldedominio.com.br\/new\/consultoria-linux\/#breadcrumb","itemListElement":[{"@type":"ListItem","position":1,"name":"In\u00edcio","item":"https:\/\/www5.centraldedominio.com.br\/new\/"},{"@type":"ListItem","position":2,"name":"Consultoria Linux"}]},{"@type":"WebSite","@id":"https:\/\/www5.centraldedominio.com.br\/new\/#website","url":"https:\/\/www5.centraldedominio.com.br\/new\/","name":"Central de Dominio","description":"Hospedagem de Sites, Cloud Computing, Registro de Dominios, E-mail Profissional","publisher":{"@id":"https:\/\/www5.centraldedominio.com.br\/new\/#organization"},"potentialAction":[{"@type":"SearchAction","target":{"@type":"EntryPoint","urlTemplate":"https:\/\/www5.centraldedominio.com.br\/new\/?s={search_term_string}"},"query-input":{"@type":"PropertyValueSpecification","valueRequired":true,"valueName":"search_term_string"}}],"inLanguage":"pt-BR"},{"@type":"Organization","@id":"https:\/\/www5.centraldedominio.com.br\/new\/#organization","name":"Central de Dominio","url":"https:\/\/www5.centraldedominio.com.br\/new\/","logo":{"@type":"ImageObject","inLanguage":"pt-BR","@id":"https:\/\/www5.centraldedominio.com.br\/new\/#\/schema\/logo\/image\/","url":"http:\/\/www5.centraldedominio.com.br\/new\/wp-content\/uploads\/2022\/03\/logo_central.gif","contentUrl":"http:\/\/www5.centraldedominio.com.br\/new\/wp-content\/uploads\/2022\/03\/logo_central.gif","width":212,"height":79,"caption":"Central de Dominio"},"image":{"@id":"https:\/\/www5.centraldedominio.com.br\/new\/#\/schema\/logo\/image\/"}}]}},"jetpack_sharing_enabled":true,"_links":{"self":[{"href":"https:\/\/www5.centraldedominio.com.br\/new\/wp-json\/wp\/v2\/pages\/73","targetHints":{"allow":["GET"]}}],"collection":[{"href":"https:\/\/www5.centraldedominio.com.br\/new\/wp-json\/wp\/v2\/pages"}],"about":[{"href":"https:\/\/www5.centraldedominio.com.br\/new\/wp-json\/wp\/v2\/types\/page"}],"author":[{"embeddable":true,"href":"https:\/\/www5.centraldedominio.com.br\/new\/wp-json\/wp\/v2\/users\/1"}],"replies":[{"embeddable":true,"href":"https:\/\/www5.centraldedominio.com.br\/new\/wp-json\/wp\/v2\/comments?post=73"}],"version-history":[{"count":5,"href":"https:\/\/www5.centraldedominio.com.br\/new\/wp-json\/wp\/v2\/pages\/73\/revisions"}],"predecessor-version":[{"id":338,"href":"https:\/\/www5.centraldedominio.com.br\/new\/wp-json\/wp\/v2\/pages\/73\/revisions\/338"}],"wp:attachment":[{"href":"https:\/\/www5.centraldedominio.com.br\/new\/wp-json\/wp\/v2\/media?parent=73"}],"curies":[{"name":"wp","href":"https:\/\/api.w.org\/{rel}","templated":true}]}}