{"id":79,"date":"2022-03-10T07:38:34","date_gmt":"2022-03-10T10:38:34","guid":{"rendered":"http:\/\/www5.centraldedominio.com.br\/new\/?page_id=79"},"modified":"2022-03-12T15:10:24","modified_gmt":"2022-03-12T18:10:24","slug":"monitoramento-de-servidores","status":"publish","type":"page","link":"https:\/\/www5.centraldedominio.com.br\/new\/monitoramento-de-servidores\/","title":{"rendered":"MONITORAMENTO DE SERVIDORES"},"content":{"rendered":"\n<p>A ideia do Servi\u00e7o de Monitoramento de Servidores e Redes ser\u00e1 agir pr\u00f3-ativamente quando um Servi\u00e7o, Servidor ou Rede parar.&nbsp;Nossa ideia \u00e9 prover um servi\u00e7o em que o administrador ser\u00e1 informado no mesmo momento da criticidade, muitas vezes antes de usu\u00e1rio do Servidor ou Servi\u00e7o perceber.&nbsp;Este Servi\u00e7o monitora 24 horas por dia, 7 dias por semana toda a estrutura de rede.&nbsp;Relat\u00f3rios de N\u00edveis de Servi\u00e7o e SLA s\u00e3o as bases para afirmarmos que um Servi\u00e7o ou Servidor dever\u00e1 sofrer atualiza\u00e7\u00f5es ou ser trocado para diminuirmos o downtime de um Servi\u00e7o ou Servidor.&nbsp;<\/p>\n\n\n\n<p><strong>Monitoramento de Servidores<\/strong><\/p>\n\n\n\n<p>Monitoramos os Servi\u00e7os e os componentes do seu servidor, 24 horas por dia, 7 dias por semana. Nosso NOC, central de suporte e help-desk receber\u00e1 alertas, antes mesmo que voc\u00ea saiba, e encaminharemos uma solu\u00e7\u00e3o.<\/p>\n\n\n\n<p><strong>Monitoramento de desktops e notebooks<\/strong><\/p>\n\n\n\n<p>Monitoramos as esta\u00e7\u00f5es de trabalho, 24 horas por dia, 7 dias por semana. Nosso NOC, central de suporte e help-desk receber\u00e1 alertas e, antes mesmo que voc\u00ea saiba, poderemos intervir com uma solu\u00e7\u00e3o.<\/p>\n\n\n\n<p><strong>Monitoramento de Servi\u00e7os Internet<\/strong><\/p>\n\n\n\n<p>Monitoramos cada Servi\u00e7os de internet, ou seja, Links, Roteadores, Switches, Servidores, Redes e conex\u00f5es externas, este servi\u00e7o de monitoramento garante a disponibilidade do seu email e acesso web. Nosso NOC, central de suporte e help-desk receber\u00e1 alertas, e agir\u00e1 Pr\u00f3-ativamente para solucionar os alertas.<\/p>\n\n\n\n<p><strong>Caracter\u00edsticas<\/strong><\/p>\n\n\n\n<p>Servi\u00e7o baseado em nosso Datacenter com 99,5% de SLA<br>Painel Dashboard personaliz\u00e1vel<br>Painel com visializa\u00e7\u00e3o de alto n\u00edvel e baixo n\u00edvel<br>Administra\u00e7\u00e3o f\u00e1cil<br>Administra\u00e7\u00e3o \u2013 curva de aprendizado r\u00e1pida<\/p>\n\n\n\n<p><strong>O que monitoramos \u2013 agentes<\/strong><\/p>\n\n\n\n<p><strong>\u00bb&nbsp;<\/strong>Ping, Trace, Espa\u00e7o, trafego, ativo, tempo de resposta, snmp, temperatura, etc&nbsp;<br><strong>\u00bb&nbsp;<\/strong>Hist\u00f3rico de monitoramento<br><strong>\u00bb&nbsp;<\/strong>Agente imune a problemas de comunica\u00e7\u00e3o suportado Linux, UNIX, Windows, Novell<br><strong>\u00bb&nbsp;<\/strong>Utiliza\u00e7\u00e3o de Memoria<br><strong>\u00bb&nbsp;<\/strong>Utiliza\u00e7\u00e3o de Network<br><strong>\u00bb&nbsp;<\/strong>Disk I\/O<br><strong>\u00bb&nbsp;<\/strong>Disk space availability<br><strong>\u00bb&nbsp;<\/strong>File checksums<br><strong>\u00bb&nbsp;<\/strong>Monitoring of log files<br><strong>\u00bb&nbsp;<\/strong>Monitoramento WEB<br><strong>\u00bb&nbsp;<\/strong>ETC<\/p>\n\n\n\n<p><strong>Notifica\u00e7\u00f5es<\/strong><\/p>\n\n\n\n<p><strong>\u00bb&nbsp;<\/strong>Notifica\u00e7\u00f5es poder\u00e3o ser repetidas<br>Ilimitado as escala\u00e7\u00f5es das notifica\u00e7\u00f5es para outros serem avisados<br><strong>\u00bb&nbsp;<\/strong>Notifica\u00e7\u00e3o com o problema \u00e9 resolvido por email, sms(*), jabber, \u00e1udio, celular<\/p>\n\n\n\n<p><strong>Mobile<\/strong><\/p>\n\n\n\n<p><strong>\u00bb&nbsp;<\/strong>Acesso via iphone, Android<br><strong>\u00bb&nbsp;<\/strong>Gr\u00e1ficos<br><strong>\u00bb&nbsp;<\/strong>Avisos<br><strong>\u00bb&nbsp;<\/strong>Etc<\/p>\n\n\n\n<p><strong>Monitoramento real time<\/strong><\/p>\n\n\n\n<p><strong>Visualiza\u00e7\u00e3o<\/strong><\/p>\n\n\n\n<p><strong>\u00bb&nbsp;<\/strong>Definida pelo usu\u00e1rio<br><strong>\u00bb&nbsp;<\/strong>Slide shows<br><strong>\u00bb&nbsp;<\/strong>Mapas<br><strong>\u00bb&nbsp;<\/strong>Gr\u00e1ficos<br><strong>\u00bb&nbsp;<\/strong>Zoom<\/p>\n\n\n\n<p><strong>Monitoramento sem agente \u00e9 poss\u00edvel<\/strong><\/p>\n\n\n\n<p><strong>\u00bb&nbsp;<\/strong>remote services (FTP, SSH, HTTP, other)<br><strong>\u00bb&nbsp;<\/strong>Support of SNMP v1,2,3<br><strong>\u00bb&nbsp;<\/strong>Support of IPMI<br><strong>\u00bb&nbsp;<\/strong>SNMP traps<\/p>\n\n\n\n<p><strong>Relat\u00f3rios<\/strong><\/p>\n\n\n\n<p><strong>\u00bb\u00a0<\/strong>F\u00e1cil integra\u00e7\u00e3o com ferramentas de\u00a0<strong>\u221a<\/strong>Terceiros<br><strong>\u00bb\u00a0<\/strong>Analises por ano \/m\u00eas \/dia \u2013 estat\u00edsticas<br><strong>\u00bb\u00a0<\/strong>SLA reports<\/p>\n\n\n\n<p>ualquer duvida entre em <a href=\"http:\/\/www5.centraldedominio.com.br\/new\/contato\/\">contato<\/a><\/p>\n","protected":false},"excerpt":{"rendered":"<p>A ideia do Servi\u00e7o de Monitoramento de Servidores e Redes ser\u00e1 agir pr\u00f3-ativamente quando um Servi\u00e7o, Servidor ou Rede parar.&nbsp;Nossa &hellip; <a href=\"https:\/\/www5.centraldedominio.com.br\/new\/monitoramento-de-servidores\/\" class=\"more-link\">Continue reading <span class=\"screen-reader-text\">MONITORAMENTO DE SERVIDORES<\/span><\/a><\/p>\n","protected":false},"author":1,"featured_media":0,"parent":0,"menu_order":0,"comment_status":"closed","ping_status":"closed","template":"","meta":{"footnotes":""},"class_list":["post-79","page","type-page","status-publish","hentry"],"yoast_head":"<!-- This site is optimized with the Yoast SEO plugin v27.5 - https:\/\/yoast.com\/product\/yoast-seo-wordpress\/ -->\n<title>MONITORAMENTO DE SERVIDORES - Central de Dominio %<\/title>\n<meta name=\"description\" content=\"MONITORAMENTO DE SERVIDORES Central de Dominio -\" \/>\n<meta name=\"robots\" content=\"index, follow, max-snippet:-1, max-image-preview:large, max-video-preview:-1\" \/>\n<link rel=\"canonical\" href=\"https:\/\/www5.centraldedominio.com.br\/new\/monitoramento-de-servidores\/\" \/>\n<meta property=\"og:locale\" content=\"pt_BR\" \/>\n<meta property=\"og:type\" content=\"article\" \/>\n<meta property=\"og:title\" content=\"MONITORAMENTO DE SERVIDORES - Central de Dominio %\" \/>\n<meta property=\"og:description\" content=\"MONITORAMENTO DE SERVIDORES Central de Dominio -\" \/>\n<meta property=\"og:url\" content=\"https:\/\/www5.centraldedominio.com.br\/new\/monitoramento-de-servidores\/\" \/>\n<meta property=\"og:site_name\" content=\"Central de Dominio\" \/>\n<meta property=\"article:modified_time\" content=\"2022-03-12T18:10:24+00:00\" \/>\n<meta name=\"twitter:card\" content=\"summary_large_image\" \/>\n<meta name=\"twitter:label1\" content=\"Est. tempo de leitura\" \/>\n\t<meta name=\"twitter:data1\" content=\"3 minutos\" \/>\n<script type=\"application\/ld+json\" class=\"yoast-schema-graph\">{\"@context\":\"https:\\\/\\\/schema.org\",\"@graph\":[{\"@type\":\"WebPage\",\"@id\":\"https:\\\/\\\/www5.centraldedominio.com.br\\\/new\\\/monitoramento-de-servidores\\\/\",\"url\":\"https:\\\/\\\/www5.centraldedominio.com.br\\\/new\\\/monitoramento-de-servidores\\\/\",\"name\":\"MONITORAMENTO DE SERVIDORES - Central de Dominio %\",\"isPartOf\":{\"@id\":\"https:\\\/\\\/www5.centraldedominio.com.br\\\/new\\\/#website\"},\"datePublished\":\"2022-03-10T10:38:34+00:00\",\"dateModified\":\"2022-03-12T18:10:24+00:00\",\"description\":\"MONITORAMENTO DE SERVIDORES Central de Dominio -\",\"breadcrumb\":{\"@id\":\"https:\\\/\\\/www5.centraldedominio.com.br\\\/new\\\/monitoramento-de-servidores\\\/#breadcrumb\"},\"inLanguage\":\"pt-BR\",\"potentialAction\":[{\"@type\":\"ReadAction\",\"target\":[\"https:\\\/\\\/www5.centraldedominio.com.br\\\/new\\\/monitoramento-de-servidores\\\/\"]}]},{\"@type\":\"BreadcrumbList\",\"@id\":\"https:\\\/\\\/www5.centraldedominio.com.br\\\/new\\\/monitoramento-de-servidores\\\/#breadcrumb\",\"itemListElement\":[{\"@type\":\"ListItem\",\"position\":1,\"name\":\"In\u00edcio\",\"item\":\"https:\\\/\\\/www5.centraldedominio.com.br\\\/new\\\/\"},{\"@type\":\"ListItem\",\"position\":2,\"name\":\"MONITORAMENTO DE SERVIDORES\"}]},{\"@type\":\"WebSite\",\"@id\":\"https:\\\/\\\/www5.centraldedominio.com.br\\\/new\\\/#website\",\"url\":\"https:\\\/\\\/www5.centraldedominio.com.br\\\/new\\\/\",\"name\":\"Central de Dominio\",\"description\":\"Hospedagem de Sites, Cloud Computing, Registro de Dominios, E-mail Profissional\",\"publisher\":{\"@id\":\"https:\\\/\\\/www5.centraldedominio.com.br\\\/new\\\/#organization\"},\"potentialAction\":[{\"@type\":\"SearchAction\",\"target\":{\"@type\":\"EntryPoint\",\"urlTemplate\":\"https:\\\/\\\/www5.centraldedominio.com.br\\\/new\\\/?s={search_term_string}\"},\"query-input\":{\"@type\":\"PropertyValueSpecification\",\"valueRequired\":true,\"valueName\":\"search_term_string\"}}],\"inLanguage\":\"pt-BR\"},{\"@type\":\"Organization\",\"@id\":\"https:\\\/\\\/www5.centraldedominio.com.br\\\/new\\\/#organization\",\"name\":\"Central de Dominio\",\"url\":\"https:\\\/\\\/www5.centraldedominio.com.br\\\/new\\\/\",\"logo\":{\"@type\":\"ImageObject\",\"inLanguage\":\"pt-BR\",\"@id\":\"https:\\\/\\\/www5.centraldedominio.com.br\\\/new\\\/#\\\/schema\\\/logo\\\/image\\\/\",\"url\":\"http:\\\/\\\/www5.centraldedominio.com.br\\\/new\\\/wp-content\\\/uploads\\\/2022\\\/03\\\/logo_central.gif\",\"contentUrl\":\"http:\\\/\\\/www5.centraldedominio.com.br\\\/new\\\/wp-content\\\/uploads\\\/2022\\\/03\\\/logo_central.gif\",\"width\":212,\"height\":79,\"caption\":\"Central de Dominio\"},\"image\":{\"@id\":\"https:\\\/\\\/www5.centraldedominio.com.br\\\/new\\\/#\\\/schema\\\/logo\\\/image\\\/\"}}]}<\/script>\n<!-- \/ Yoast SEO plugin. -->","yoast_head_json":{"title":"MONITORAMENTO DE SERVIDORES - Central de Dominio %","description":"MONITORAMENTO DE SERVIDORES Central de Dominio -","robots":{"index":"index","follow":"follow","max-snippet":"max-snippet:-1","max-image-preview":"max-image-preview:large","max-video-preview":"max-video-preview:-1"},"canonical":"https:\/\/www5.centraldedominio.com.br\/new\/monitoramento-de-servidores\/","og_locale":"pt_BR","og_type":"article","og_title":"MONITORAMENTO DE SERVIDORES - Central de Dominio %","og_description":"MONITORAMENTO DE SERVIDORES Central de Dominio -","og_url":"https:\/\/www5.centraldedominio.com.br\/new\/monitoramento-de-servidores\/","og_site_name":"Central de Dominio","article_modified_time":"2022-03-12T18:10:24+00:00","twitter_card":"summary_large_image","twitter_misc":{"Est. tempo de leitura":"3 minutos"},"schema":{"@context":"https:\/\/schema.org","@graph":[{"@type":"WebPage","@id":"https:\/\/www5.centraldedominio.com.br\/new\/monitoramento-de-servidores\/","url":"https:\/\/www5.centraldedominio.com.br\/new\/monitoramento-de-servidores\/","name":"MONITORAMENTO DE SERVIDORES - Central de Dominio %","isPartOf":{"@id":"https:\/\/www5.centraldedominio.com.br\/new\/#website"},"datePublished":"2022-03-10T10:38:34+00:00","dateModified":"2022-03-12T18:10:24+00:00","description":"MONITORAMENTO DE SERVIDORES Central de Dominio -","breadcrumb":{"@id":"https:\/\/www5.centraldedominio.com.br\/new\/monitoramento-de-servidores\/#breadcrumb"},"inLanguage":"pt-BR","potentialAction":[{"@type":"ReadAction","target":["https:\/\/www5.centraldedominio.com.br\/new\/monitoramento-de-servidores\/"]}]},{"@type":"BreadcrumbList","@id":"https:\/\/www5.centraldedominio.com.br\/new\/monitoramento-de-servidores\/#breadcrumb","itemListElement":[{"@type":"ListItem","position":1,"name":"In\u00edcio","item":"https:\/\/www5.centraldedominio.com.br\/new\/"},{"@type":"ListItem","position":2,"name":"MONITORAMENTO DE SERVIDORES"}]},{"@type":"WebSite","@id":"https:\/\/www5.centraldedominio.com.br\/new\/#website","url":"https:\/\/www5.centraldedominio.com.br\/new\/","name":"Central de Dominio","description":"Hospedagem de Sites, Cloud Computing, Registro de Dominios, E-mail Profissional","publisher":{"@id":"https:\/\/www5.centraldedominio.com.br\/new\/#organization"},"potentialAction":[{"@type":"SearchAction","target":{"@type":"EntryPoint","urlTemplate":"https:\/\/www5.centraldedominio.com.br\/new\/?s={search_term_string}"},"query-input":{"@type":"PropertyValueSpecification","valueRequired":true,"valueName":"search_term_string"}}],"inLanguage":"pt-BR"},{"@type":"Organization","@id":"https:\/\/www5.centraldedominio.com.br\/new\/#organization","name":"Central de Dominio","url":"https:\/\/www5.centraldedominio.com.br\/new\/","logo":{"@type":"ImageObject","inLanguage":"pt-BR","@id":"https:\/\/www5.centraldedominio.com.br\/new\/#\/schema\/logo\/image\/","url":"http:\/\/www5.centraldedominio.com.br\/new\/wp-content\/uploads\/2022\/03\/logo_central.gif","contentUrl":"http:\/\/www5.centraldedominio.com.br\/new\/wp-content\/uploads\/2022\/03\/logo_central.gif","width":212,"height":79,"caption":"Central de Dominio"},"image":{"@id":"https:\/\/www5.centraldedominio.com.br\/new\/#\/schema\/logo\/image\/"}}]}},"jetpack_sharing_enabled":true,"_links":{"self":[{"href":"https:\/\/www5.centraldedominio.com.br\/new\/wp-json\/wp\/v2\/pages\/79","targetHints":{"allow":["GET"]}}],"collection":[{"href":"https:\/\/www5.centraldedominio.com.br\/new\/wp-json\/wp\/v2\/pages"}],"about":[{"href":"https:\/\/www5.centraldedominio.com.br\/new\/wp-json\/wp\/v2\/types\/page"}],"author":[{"embeddable":true,"href":"https:\/\/www5.centraldedominio.com.br\/new\/wp-json\/wp\/v2\/users\/1"}],"replies":[{"embeddable":true,"href":"https:\/\/www5.centraldedominio.com.br\/new\/wp-json\/wp\/v2\/comments?post=79"}],"version-history":[{"count":3,"href":"https:\/\/www5.centraldedominio.com.br\/new\/wp-json\/wp\/v2\/pages\/79\/revisions"}],"predecessor-version":[{"id":340,"href":"https:\/\/www5.centraldedominio.com.br\/new\/wp-json\/wp\/v2\/pages\/79\/revisions\/340"}],"wp:attachment":[{"href":"https:\/\/www5.centraldedominio.com.br\/new\/wp-json\/wp\/v2\/media?parent=79"}],"curies":[{"name":"wp","href":"https:\/\/api.w.org\/{rel}","templated":true}]}}